{"id":4780,"date":"2025-09-14T05:55:32","date_gmt":"2025-09-14T05:55:32","guid":{"rendered":"https:\/\/borascykelfabrik.se\/?post_type=product&#038;p=4780"},"modified":"2026-04-20T19:10:30","modified_gmt":"2026-04-20T19:10:30","slug":"k-components-25-40","status":"publish","type":"product","link":"https:\/\/borascykelfabrik.se\/dk\/vare\/k-components-25-40\/","title":{"rendered":"K-komponenter | 25\/40 | RACE"},"content":{"rendered":"","protected":false},"excerpt":{"rendered":"<article class=\"w-full text-token-text-primary focus-visible:outline-2 focus-visible:outline-offset-[-4px]\" dir=\"auto\" data-testid=\"conversation-turn-155\" data-scroll-anchor=\"true\">\n<div class=\"m-auto text-base py-[18px] px-6\">\n<div class=\"mx-auto flex flex-1 gap-4 text-base md:gap-5 lg:gap-6 md:max-w-3xl lg:max-w-[40rem] xl:max-w-[48rem]\">\n<div class=\"group\/conversation-turn relative flex w-full min-w-0 flex-col agent-turn @xs\/thread:px-0 @sm\/thread:px-1.5 @md\/thread:px-4\">\n<div class=\"flex-col gap-1 md:gap-3\">\n<div class=\"flex max-w-full flex-col flex-grow\">\n<div class=\"min-h-8 text-message flex w-full flex-col items-end gap-2 whitespace-normal break-words text-start [.text-message+&amp;]:mt-5\" dir=\"auto\" data-message-author-role=\"assistant\" data-message-id=\"ed057a65-1a00-43af-b616-bfa1b6771e66\" data-message-model-slug=\"gpt-4o\">\n<div class=\"flex w-full flex-col gap-1 empty:hidden first:pt-[3px]\">\n<div class=\"markdown prose w-full break-words dark:prose-invert light\">\n<hr data-start=\"71\" data-end=\"74\" \/>\n<h2 data-start=\"76\" data-end=\"129\"><strong data-start=\"76\" data-end=\"127\">K Components 25\/40 \u2013 Allrounder uden kompromis<\/strong><\/h2>\n<p data-start=\"131\" data-end=\"635\">25\/40 er vores mest alsidige hjuls\u00e6t \u2013 h\u00e5ndbygget i Bor\u00e5s til cyklister, der \u00f8nsker friheden til at k\u00f8re p\u00e5 b\u00e5de asfalt og grus. Med en indvendig bredde p\u00e5 25 mm og en f\u00e6lgdybde p\u00e5 40 mm f\u00e5r du den perfekte balance mellem lav v\u00e6gt, stabilitet og alsidighed.<\/p>\n<p data-start=\"131\" data-end=\"635\">Profilen er aerodynamisk nok til hurtige landevejsk\u00f8rsel, men giver samtidig st\u00f8tte og komfort til bredere d\u00e6k p\u00e5 grus og l\u00e6ngere eventyr. Hvert hjul er h\u00e5ndbygget med pr\u00e6cision og stolthed - et h\u00e5ndv\u00e6rk, der garanterer b\u00e5de f\u00f8lelse og ydeevne.<\/p>\n<p data-start=\"131\" data-end=\"635\"><em>Hver 25\/40 leveres som et komplet par hjul \u2013 for- og baghjul \u2013 og prisen refererer altid til begge hjul samlet.<\/em><\/p>\n<p data-start=\"637\" data-end=\"678\"><em>Mere information i &quot;om produktet&quot; nedenfor.<\/em><\/p>\n<p data-start=\"637\" data-end=\"678\">\n<\/div>\n<\/div>\n<\/div>\n<\/div>\n<\/div>\n<\/div>\n<\/div>\n<\/div>\n<\/article>","protected":false},"featured_media":4781,"template":"","meta":{"_acf_changed":false,"inline_featured_image":false,"_kad_blocks_custom_css":"","_kad_blocks_head_custom_js":"","_kad_blocks_body_custom_js":"","_kad_blocks_footer_custom_js":"","_monsterinsights_skip_tracking":false,"_monsterinsights_sitenote_active":false,"_monsterinsights_sitenote_note":"","_monsterinsights_sitenote_category":0},"product_brand":[],"product_cat":[93],"product_tag":[],"class_list":{"0":"post-4780","1":"product","2":"type-product","3":"status-publish","4":"has-post-thumbnail","6":"product_cat-k-components","8":"first","9":"instock","10":"shipping-taxable","11":"purchasable","12":"product-type-simple"},"acf":[],"yoast_head":"<!-- This site is optimized with the Yoast SEO plugin v24.1 - https:\/\/yoast.com\/wordpress\/plugins\/seo\/ -->\n<title>K Components | 25\/40 | RACE - BCF<\/title>\n<meta name=\"robots\" content=\"index, follow, max-snippet:-1, max-image-preview:large, max-video-preview:-1\" \/>\n<link rel=\"canonical\" href=\"https:\/\/borascykelfabrik.se\/dk\/vare\/k-components-25-40\/\" \/>\n<meta property=\"og:locale\" content=\"da_DK\" \/>\n<meta property=\"og:type\" content=\"article\" \/>\n<meta property=\"og:title\" content=\"K Components | 25\/40 | RACE - BCF\" \/>\n<meta property=\"og:description\" content=\"K Components 25\/40 \u2013 Allround utan kompromisser 25\/40 \u00e4r v\u00e5rt mest m\u00e5ngsidiga hjulset \u2013 handbyggt i Bor\u00e5s f\u00f6r cyklister som vill ha friheten att k\u00f6ra b\u00e5de asfalt och grus. Med en innerbredd p\u00e5 25 mm och ett f\u00e4lgdjup p\u00e5 40 mm f\u00e5r du en perfekt balans mellan l\u00e5g vikt, stabilitet och m\u00e5ngsidighet. Profilen \u00e4r tillr\u00e4ckligt aerodynamisk f\u00f6r snabba landsv\u00e4gspass men ger samtidigt st\u00f6d och komfort f\u00f6r bredare d\u00e4ck p\u00e5 grus och l\u00e4ngre \u00e4ventyr. Varje hjul byggs f\u00f6r hand med noggrannhet och stolthet \u2013 ett hantverk som garanterar b\u00e5de k\u00e4nsla och prestanda. Varje 25\/40 levereras som ett komplett hjulpar \u2013 fram- och bakhjul \u2013 och priset avser alltid b\u00e5da hjulen tillsammans. Mer information i \u201dom produkten\u201d nedan.\" \/>\n<meta property=\"og:url\" content=\"https:\/\/borascykelfabrik.se\/dk\/vare\/k-components-25-40\/\" \/>\n<meta property=\"og:site_name\" content=\"BCF\" \/>\n<meta property=\"article:modified_time\" content=\"2026-04-20T19:10:30+00:00\" \/>\n<meta property=\"og:image\" content=\"https:\/\/borascykelfabrik.se\/wp-content\/uploads\/2025\/09\/DSC03661-scaled.jpg\" \/>\n\t<meta property=\"og:image:width\" content=\"2560\" \/>\n\t<meta property=\"og:image:height\" content=\"1707\" \/>\n\t<meta property=\"og:image:type\" content=\"image\/jpeg\" \/>\n<meta name=\"twitter:card\" content=\"summary_large_image\" \/>\n<meta name=\"twitter:label1\" content=\"Estimeret l\u00e6setid\" \/>\n\t<meta name=\"twitter:data1\" content=\"1 minut\" \/>\n<script type=\"application\/ld+json\" class=\"yoast-schema-graph\">{\"@context\":\"https:\/\/schema.org\",\"@graph\":[{\"@type\":\"WebPage\",\"@id\":\"https:\/\/borascykelfabrik.se\/produkt\/k-components-25-40\/\",\"url\":\"https:\/\/borascykelfabrik.se\/produkt\/k-components-25-40\/\",\"name\":\"K Components | 25\/40 | RACE - BCF\",\"isPartOf\":{\"@id\":\"https:\/\/borascykelfabrik.se\/#website\"},\"primaryImageOfPage\":{\"@id\":\"https:\/\/borascykelfabrik.se\/produkt\/k-components-25-40\/#primaryimage\"},\"image\":{\"@id\":\"https:\/\/borascykelfabrik.se\/produkt\/k-components-25-40\/#primaryimage\"},\"thumbnailUrl\":\"https:\/\/borascykelfabrik.se\/wp-content\/uploads\/2025\/09\/DSC03661-scaled.jpg\",\"datePublished\":\"2025-09-14T05:55:32+00:00\",\"dateModified\":\"2026-04-20T19:10:30+00:00\",\"breadcrumb\":{\"@id\":\"https:\/\/borascykelfabrik.se\/produkt\/k-components-25-40\/#breadcrumb\"},\"inLanguage\":\"da-DK\",\"potentialAction\":[{\"@type\":\"ReadAction\",\"target\":[\"https:\/\/borascykelfabrik.se\/produkt\/k-components-25-40\/\"]}]},{\"@type\":\"ImageObject\",\"inLanguage\":\"da-DK\",\"@id\":\"https:\/\/borascykelfabrik.se\/produkt\/k-components-25-40\/#primaryimage\",\"url\":\"https:\/\/borascykelfabrik.se\/wp-content\/uploads\/2025\/09\/DSC03661-scaled.jpg\",\"contentUrl\":\"https:\/\/borascykelfabrik.se\/wp-content\/uploads\/2025\/09\/DSC03661-scaled.jpg\",\"width\":2560,\"height\":1707},{\"@type\":\"BreadcrumbList\",\"@id\":\"https:\/\/borascykelfabrik.se\/produkt\/k-components-25-40\/#breadcrumb\",\"itemListElement\":[{\"@type\":\"ListItem\",\"position\":1,\"name\":\"Hem\",\"item\":\"https:\/\/borascykelfabrik.se\/\"},{\"@type\":\"ListItem\",\"position\":2,\"name\":\"Shop\",\"item\":\"https:\/\/borascykelfabrik.se\/shop\/\"},{\"@type\":\"ListItem\",\"position\":3,\"name\":\"K Components | 25\/40 | RACE\"}]},{\"@type\":\"WebSite\",\"@id\":\"https:\/\/borascykelfabrik.se\/#website\",\"url\":\"https:\/\/borascykelfabrik.se\/\",\"name\":\"BCF\",\"description\":\"more. no less.\",\"potentialAction\":[{\"@type\":\"SearchAction\",\"target\":{\"@type\":\"EntryPoint\",\"urlTemplate\":\"https:\/\/borascykelfabrik.se\/?s={search_term_string}\"},\"query-input\":{\"@type\":\"PropertyValueSpecification\",\"valueRequired\":true,\"valueName\":\"search_term_string\"}}],\"inLanguage\":\"da-DK\"}]}<\/script>\n<!-- \/ Yoast SEO plugin. -->","yoast_head_json":{"title":"K Components | 25\/40 | RACE - BCF","robots":{"index":"index","follow":"follow","max-snippet":"max-snippet:-1","max-image-preview":"max-image-preview:large","max-video-preview":"max-video-preview:-1"},"canonical":"https:\/\/borascykelfabrik.se\/dk\/vare\/k-components-25-40\/","og_locale":"da_DK","og_type":"article","og_title":"K Components | 25\/40 | RACE - BCF","og_description":"K Components 25\/40 \u2013 Allround utan kompromisser 25\/40 \u00e4r v\u00e5rt mest m\u00e5ngsidiga hjulset \u2013 handbyggt i Bor\u00e5s f\u00f6r cyklister som vill ha friheten att k\u00f6ra b\u00e5de asfalt och grus. Med en innerbredd p\u00e5 25 mm och ett f\u00e4lgdjup p\u00e5 40 mm f\u00e5r du en perfekt balans mellan l\u00e5g vikt, stabilitet och m\u00e5ngsidighet. Profilen \u00e4r tillr\u00e4ckligt aerodynamisk f\u00f6r snabba landsv\u00e4gspass men ger samtidigt st\u00f6d och komfort f\u00f6r bredare d\u00e4ck p\u00e5 grus och l\u00e4ngre \u00e4ventyr. Varje hjul byggs f\u00f6r hand med noggrannhet och stolthet \u2013 ett hantverk som garanterar b\u00e5de k\u00e4nsla och prestanda. Varje 25\/40 levereras som ett komplett hjulpar \u2013 fram- och bakhjul \u2013 och priset avser alltid b\u00e5da hjulen tillsammans. Mer information i \u201dom produkten\u201d nedan.","og_url":"https:\/\/borascykelfabrik.se\/dk\/vare\/k-components-25-40\/","og_site_name":"BCF","article_modified_time":"2026-04-20T19:10:30+00:00","og_image":[{"width":2560,"height":1707,"url":"https:\/\/borascykelfabrik.se\/wp-content\/uploads\/2025\/09\/DSC03661-scaled.jpg","type":"image\/jpeg"}],"twitter_card":"summary_large_image","twitter_misc":{"Estimeret l\u00e6setid":"1 minut"},"schema":{"@context":"https:\/\/schema.org","@graph":[{"@type":"WebPage","@id":"https:\/\/borascykelfabrik.se\/produkt\/k-components-25-40\/","url":"https:\/\/borascykelfabrik.se\/produkt\/k-components-25-40\/","name":"K Components | 25\/40 | RACE - BCF","isPartOf":{"@id":"https:\/\/borascykelfabrik.se\/#website"},"primaryImageOfPage":{"@id":"https:\/\/borascykelfabrik.se\/produkt\/k-components-25-40\/#primaryimage"},"image":{"@id":"https:\/\/borascykelfabrik.se\/produkt\/k-components-25-40\/#primaryimage"},"thumbnailUrl":"https:\/\/borascykelfabrik.se\/wp-content\/uploads\/2025\/09\/DSC03661-scaled.jpg","datePublished":"2025-09-14T05:55:32+00:00","dateModified":"2026-04-20T19:10:30+00:00","breadcrumb":{"@id":"https:\/\/borascykelfabrik.se\/produkt\/k-components-25-40\/#breadcrumb"},"inLanguage":"da-DK","potentialAction":[{"@type":"ReadAction","target":["https:\/\/borascykelfabrik.se\/produkt\/k-components-25-40\/"]}]},{"@type":"ImageObject","inLanguage":"da-DK","@id":"https:\/\/borascykelfabrik.se\/produkt\/k-components-25-40\/#primaryimage","url":"https:\/\/borascykelfabrik.se\/wp-content\/uploads\/2025\/09\/DSC03661-scaled.jpg","contentUrl":"https:\/\/borascykelfabrik.se\/wp-content\/uploads\/2025\/09\/DSC03661-scaled.jpg","width":2560,"height":1707},{"@type":"BreadcrumbList","@id":"https:\/\/borascykelfabrik.se\/produkt\/k-components-25-40\/#breadcrumb","itemListElement":[{"@type":"ListItem","position":1,"name":"Hem","item":"https:\/\/borascykelfabrik.se\/"},{"@type":"ListItem","position":2,"name":"Shop","item":"https:\/\/borascykelfabrik.se\/shop\/"},{"@type":"ListItem","position":3,"name":"K Components | 25\/40 | RACE"}]},{"@type":"WebSite","@id":"https:\/\/borascykelfabrik.se\/#website","url":"https:\/\/borascykelfabrik.se\/","name":"BCF","description":"more. no less.","potentialAction":[{"@type":"SearchAction","target":{"@type":"EntryPoint","urlTemplate":"https:\/\/borascykelfabrik.se\/?s={search_term_string}"},"query-input":{"@type":"PropertyValueSpecification","valueRequired":true,"valueName":"search_term_string"}}],"inLanguage":"da-DK"}]}},"taxonomy_info":{"product_cat":[{"value":93,"label":"K Components"}]},"featured_image_src_large":["https:\/\/borascykelfabrik.se\/wp-content\/uploads\/2025\/09\/DSC03661-1500x1000.jpg",1500,1000,true],"author_info":[],"comment_info":"","_links":{"self":[{"href":"https:\/\/borascykelfabrik.se\/dk\/wp-json\/wp\/v2\/product\/4780","targetHints":{"allow":["GET"]}}],"collection":[{"href":"https:\/\/borascykelfabrik.se\/dk\/wp-json\/wp\/v2\/product"}],"about":[{"href":"https:\/\/borascykelfabrik.se\/dk\/wp-json\/wp\/v2\/types\/product"}],"wp:featuredmedia":[{"embeddable":true,"href":"https:\/\/borascykelfabrik.se\/dk\/wp-json\/wp\/v2\/media\/4781"}],"wp:attachment":[{"href":"https:\/\/borascykelfabrik.se\/dk\/wp-json\/wp\/v2\/media?parent=4780"}],"wp:term":[{"taxonomy":"product_brand","embeddable":true,"href":"https:\/\/borascykelfabrik.se\/dk\/wp-json\/wp\/v2\/product_brand?post=4780"},{"taxonomy":"product_cat","embeddable":true,"href":"https:\/\/borascykelfabrik.se\/dk\/wp-json\/wp\/v2\/product_cat?post=4780"},{"taxonomy":"product_tag","embeddable":true,"href":"https:\/\/borascykelfabrik.se\/dk\/wp-json\/wp\/v2\/product_tag?post=4780"}],"curies":[{"name":"wp","href":"https:\/\/api.w.org\/{rel}","templated":true}]}}