{"id":4805,"date":"2025-09-16T04:27:22","date_gmt":"2025-09-16T04:27:22","guid":{"rendered":"https:\/\/borascykelfabrik.se\/?post_type=product&#038;p=4805"},"modified":"2026-04-21T09:31:03","modified_gmt":"2026-04-21T09:31:03","slug":"k-components-25-50","status":"publish","type":"product","link":"https:\/\/borascykelfabrik.se\/dk\/vare\/k-components-25-50\/","title":{"rendered":"K-komponenter | 25\/50 | RACE"},"content":{"rendered":"","protected":false},"excerpt":{"rendered":"<article class=\"w-full text-token-text-primary focus-visible:outline-2 focus-visible:outline-offset-[-4px]\" dir=\"auto\" data-testid=\"conversation-turn-155\" data-scroll-anchor=\"true\">\n<div class=\"m-auto text-base py-[18px] px-6\">\n<div class=\"mx-auto flex flex-1 gap-4 text-base md:gap-5 lg:gap-6 md:max-w-3xl lg:max-w-[40rem] xl:max-w-[48rem]\">\n<div class=\"group\/conversation-turn relative flex w-full min-w-0 flex-col agent-turn @xs\/thread:px-0 @sm\/thread:px-1.5 @md\/thread:px-4\">\n<div class=\"flex-col gap-1 md:gap-3\">\n<div class=\"flex max-w-full flex-col flex-grow\">\n<div class=\"min-h-8 text-message flex w-full flex-col items-end gap-2 whitespace-normal break-words text-start [.text-message+&amp;]:mt-5\" dir=\"auto\" data-message-author-role=\"assistant\" data-message-id=\"ed057a65-1a00-43af-b616-bfa1b6771e66\" data-message-model-slug=\"gpt-4o\">\n<div class=\"flex w-full flex-col gap-1 empty:hidden first:pt-[3px]\">\n<div class=\"markdown prose w-full break-words dark:prose-invert light\">\n<hr data-start=\"71\" data-end=\"74\" \/>\n<h2 data-start=\"76\" data-end=\"129\">K Components 25\/50 \u2013 Aerodynamik m\u00f8der kontrol<\/h2>\n<p data-start=\"206\" data-end=\"436\">25\/50 er vores hjuls\u00e6t til cyklister, der \u00f8nsker fart, stabilitet og alsidighed i \u00e9t. Med en indvendig diameter p\u00e5 25 mm og en f\u00e6lgdybde p\u00e5 50 mm f\u00e5r du en moderne profil, der kombinerer aerodynamiske fordele med bredde for optimal d\u00e6kst\u00f8tte.<\/p>\n<p data-start=\"438\" data-end=\"631\">Resultatet er mere greb, lavere rullemodstand og en sikker f\u00f8lelse, selv n\u00e5r vinden tager til. 25\/50 er lige s\u00e5 hjemmevant i feltet p\u00e5 motorvejen som p\u00e5 l\u00e6ngere eventyr, hvor komfort og kontrol er afg\u00f8rende.<\/p>\n<\/div>\n<div class=\"markdown prose w-full break-words dark:prose-invert light\">\n<p data-start=\"633\" data-end=\"741\">H\u00e5ndbygget i Bor\u00e5s \u2013 med den samme pr\u00e6cision, stolthed og h\u00e5ndv\u00e6rk, der kendetegner hvert eneste hjul fra K Components.<\/p>\n<p data-start=\"633\" data-end=\"741\"><em>Hver 25\/50 leveres som et komplet par hjul \u2013 for- og baghjul \u2013 og prisen refererer altid til begge hjul samlet.<\/em><\/p>\n<p data-start=\"637\" data-end=\"678\"><em>Mere information i &quot;om produktet&quot; nedenfor.<\/em><\/p>\n<p data-start=\"637\" data-end=\"678\">\n<\/div>\n<\/div>\n<\/div>\n<\/div>\n<\/div>\n<\/div>\n<\/div>\n<\/div>\n<\/article>","protected":false},"featured_media":4806,"template":"","meta":{"_acf_changed":false,"inline_featured_image":false,"_kad_blocks_custom_css":"","_kad_blocks_head_custom_js":"","_kad_blocks_body_custom_js":"","_kad_blocks_footer_custom_js":"","_monsterinsights_skip_tracking":false,"_monsterinsights_sitenote_active":false,"_monsterinsights_sitenote_note":"","_monsterinsights_sitenote_category":0},"product_brand":[],"product_cat":[93],"product_tag":[],"class_list":{"0":"post-4805","1":"product","2":"type-product","3":"status-publish","4":"has-post-thumbnail","6":"product_cat-k-components","8":"first","9":"instock","10":"shipping-taxable","11":"purchasable","12":"product-type-simple"},"acf":[],"yoast_head":"<!-- This site is optimized with the Yoast SEO plugin v24.1 - https:\/\/yoast.com\/wordpress\/plugins\/seo\/ -->\n<title>K Components | 25\/50 | RACE - BCF<\/title>\n<meta name=\"robots\" content=\"index, follow, max-snippet:-1, max-image-preview:large, max-video-preview:-1\" \/>\n<link rel=\"canonical\" href=\"https:\/\/borascykelfabrik.se\/dk\/vare\/k-components-25-50\/\" \/>\n<meta property=\"og:locale\" content=\"da_DK\" \/>\n<meta property=\"og:type\" content=\"article\" \/>\n<meta property=\"og:title\" content=\"K Components | 25\/50 | RACE - BCF\" \/>\n<meta property=\"og:description\" content=\"K Components 25\/50 \u2013 Aerodynamik m\u00f6ter kontroll 25\/50 \u00e4r v\u00e5rt hjulset f\u00f6r cyklister som vill ha fart, stabilitet och m\u00e5ngsidighet i ett. Med 25 mm innerm\u00e5tt och 50 mm f\u00e4lgdjup f\u00e5r du en modern profil som kombinerar aerodynamiska f\u00f6rdelar med bredd f\u00f6r optimalt st\u00f6d \u00e5t d\u00e4cket. Resultatet \u00e4r mer grepp, l\u00e4gre rullmotst\u00e5nd och en trygg k\u00e4nsla \u00e4ven n\u00e4r vinden tar i. 25\/50 \u00e4r lika hemma i klungan p\u00e5 landsv\u00e4gen som p\u00e5 l\u00e4ngre \u00e4ventyr d\u00e4r komfort och kontroll \u00e4r avg\u00f6rande.    Handbyggt i Bor\u00e5s \u2013 med samma noggrannhet, stolthet och hantverk som pr\u00e4glar varje hjul fr\u00e5n K Components. Varje 25\/50 levereras som ett komplett hjulpar \u2013 fram- och bakhjul \u2013 och priset avser alltid b\u00e5da hjulen tillsammans. Mer information i \u201dom produkten\u201d nedan.\" \/>\n<meta property=\"og:url\" content=\"https:\/\/borascykelfabrik.se\/dk\/vare\/k-components-25-50\/\" \/>\n<meta property=\"og:site_name\" content=\"BCF\" \/>\n<meta property=\"article:modified_time\" content=\"2026-04-21T09:31:03+00:00\" \/>\n<meta property=\"og:image\" content=\"https:\/\/borascykelfabrik.se\/wp-content\/uploads\/2025\/09\/DSC03660-scaled.jpg\" \/>\n\t<meta property=\"og:image:width\" content=\"2560\" \/>\n\t<meta property=\"og:image:height\" content=\"1707\" \/>\n\t<meta property=\"og:image:type\" content=\"image\/jpeg\" \/>\n<meta name=\"twitter:card\" content=\"summary_large_image\" \/>\n<meta name=\"twitter:label1\" content=\"Estimeret l\u00e6setid\" \/>\n\t<meta name=\"twitter:data1\" content=\"1 minut\" \/>\n<script type=\"application\/ld+json\" class=\"yoast-schema-graph\">{\"@context\":\"https:\/\/schema.org\",\"@graph\":[{\"@type\":\"WebPage\",\"@id\":\"https:\/\/borascykelfabrik.se\/produkt\/k-components-25-50\/\",\"url\":\"https:\/\/borascykelfabrik.se\/produkt\/k-components-25-50\/\",\"name\":\"K Components | 25\/50 | RACE - BCF\",\"isPartOf\":{\"@id\":\"https:\/\/borascykelfabrik.se\/#website\"},\"primaryImageOfPage\":{\"@id\":\"https:\/\/borascykelfabrik.se\/produkt\/k-components-25-50\/#primaryimage\"},\"image\":{\"@id\":\"https:\/\/borascykelfabrik.se\/produkt\/k-components-25-50\/#primaryimage\"},\"thumbnailUrl\":\"https:\/\/borascykelfabrik.se\/wp-content\/uploads\/2025\/09\/DSC03660-scaled.jpg\",\"datePublished\":\"2025-09-16T04:27:22+00:00\",\"dateModified\":\"2026-04-21T09:31:03+00:00\",\"breadcrumb\":{\"@id\":\"https:\/\/borascykelfabrik.se\/produkt\/k-components-25-50\/#breadcrumb\"},\"inLanguage\":\"da-DK\",\"potentialAction\":[{\"@type\":\"ReadAction\",\"target\":[\"https:\/\/borascykelfabrik.se\/produkt\/k-components-25-50\/\"]}]},{\"@type\":\"ImageObject\",\"inLanguage\":\"da-DK\",\"@id\":\"https:\/\/borascykelfabrik.se\/produkt\/k-components-25-50\/#primaryimage\",\"url\":\"https:\/\/borascykelfabrik.se\/wp-content\/uploads\/2025\/09\/DSC03660-scaled.jpg\",\"contentUrl\":\"https:\/\/borascykelfabrik.se\/wp-content\/uploads\/2025\/09\/DSC03660-scaled.jpg\",\"width\":2560,\"height\":1707},{\"@type\":\"BreadcrumbList\",\"@id\":\"https:\/\/borascykelfabrik.se\/produkt\/k-components-25-50\/#breadcrumb\",\"itemListElement\":[{\"@type\":\"ListItem\",\"position\":1,\"name\":\"Hem\",\"item\":\"https:\/\/borascykelfabrik.se\/\"},{\"@type\":\"ListItem\",\"position\":2,\"name\":\"Shop\",\"item\":\"https:\/\/borascykelfabrik.se\/shop\/\"},{\"@type\":\"ListItem\",\"position\":3,\"name\":\"K Components | 25\/50 | RACE\"}]},{\"@type\":\"WebSite\",\"@id\":\"https:\/\/borascykelfabrik.se\/#website\",\"url\":\"https:\/\/borascykelfabrik.se\/\",\"name\":\"BCF\",\"description\":\"more. no less.\",\"potentialAction\":[{\"@type\":\"SearchAction\",\"target\":{\"@type\":\"EntryPoint\",\"urlTemplate\":\"https:\/\/borascykelfabrik.se\/?s={search_term_string}\"},\"query-input\":{\"@type\":\"PropertyValueSpecification\",\"valueRequired\":true,\"valueName\":\"search_term_string\"}}],\"inLanguage\":\"da-DK\"}]}<\/script>\n<!-- \/ Yoast SEO plugin. -->","yoast_head_json":{"title":"K Components | 25\/50 | RACE - BCF","robots":{"index":"index","follow":"follow","max-snippet":"max-snippet:-1","max-image-preview":"max-image-preview:large","max-video-preview":"max-video-preview:-1"},"canonical":"https:\/\/borascykelfabrik.se\/dk\/vare\/k-components-25-50\/","og_locale":"da_DK","og_type":"article","og_title":"K Components | 25\/50 | RACE - BCF","og_description":"K Components 25\/50 \u2013 Aerodynamik m\u00f6ter kontroll 25\/50 \u00e4r v\u00e5rt hjulset f\u00f6r cyklister som vill ha fart, stabilitet och m\u00e5ngsidighet i ett. Med 25 mm innerm\u00e5tt och 50 mm f\u00e4lgdjup f\u00e5r du en modern profil som kombinerar aerodynamiska f\u00f6rdelar med bredd f\u00f6r optimalt st\u00f6d \u00e5t d\u00e4cket. Resultatet \u00e4r mer grepp, l\u00e4gre rullmotst\u00e5nd och en trygg k\u00e4nsla \u00e4ven n\u00e4r vinden tar i. 25\/50 \u00e4r lika hemma i klungan p\u00e5 landsv\u00e4gen som p\u00e5 l\u00e4ngre \u00e4ventyr d\u00e4r komfort och kontroll \u00e4r avg\u00f6rande.    Handbyggt i Bor\u00e5s \u2013 med samma noggrannhet, stolthet och hantverk som pr\u00e4glar varje hjul fr\u00e5n K Components. Varje 25\/50 levereras som ett komplett hjulpar \u2013 fram- och bakhjul \u2013 och priset avser alltid b\u00e5da hjulen tillsammans. Mer information i \u201dom produkten\u201d nedan.","og_url":"https:\/\/borascykelfabrik.se\/dk\/vare\/k-components-25-50\/","og_site_name":"BCF","article_modified_time":"2026-04-21T09:31:03+00:00","og_image":[{"width":2560,"height":1707,"url":"https:\/\/borascykelfabrik.se\/wp-content\/uploads\/2025\/09\/DSC03660-scaled.jpg","type":"image\/jpeg"}],"twitter_card":"summary_large_image","twitter_misc":{"Estimeret l\u00e6setid":"1 minut"},"schema":{"@context":"https:\/\/schema.org","@graph":[{"@type":"WebPage","@id":"https:\/\/borascykelfabrik.se\/produkt\/k-components-25-50\/","url":"https:\/\/borascykelfabrik.se\/produkt\/k-components-25-50\/","name":"K Components | 25\/50 | RACE - BCF","isPartOf":{"@id":"https:\/\/borascykelfabrik.se\/#website"},"primaryImageOfPage":{"@id":"https:\/\/borascykelfabrik.se\/produkt\/k-components-25-50\/#primaryimage"},"image":{"@id":"https:\/\/borascykelfabrik.se\/produkt\/k-components-25-50\/#primaryimage"},"thumbnailUrl":"https:\/\/borascykelfabrik.se\/wp-content\/uploads\/2025\/09\/DSC03660-scaled.jpg","datePublished":"2025-09-16T04:27:22+00:00","dateModified":"2026-04-21T09:31:03+00:00","breadcrumb":{"@id":"https:\/\/borascykelfabrik.se\/produkt\/k-components-25-50\/#breadcrumb"},"inLanguage":"da-DK","potentialAction":[{"@type":"ReadAction","target":["https:\/\/borascykelfabrik.se\/produkt\/k-components-25-50\/"]}]},{"@type":"ImageObject","inLanguage":"da-DK","@id":"https:\/\/borascykelfabrik.se\/produkt\/k-components-25-50\/#primaryimage","url":"https:\/\/borascykelfabrik.se\/wp-content\/uploads\/2025\/09\/DSC03660-scaled.jpg","contentUrl":"https:\/\/borascykelfabrik.se\/wp-content\/uploads\/2025\/09\/DSC03660-scaled.jpg","width":2560,"height":1707},{"@type":"BreadcrumbList","@id":"https:\/\/borascykelfabrik.se\/produkt\/k-components-25-50\/#breadcrumb","itemListElement":[{"@type":"ListItem","position":1,"name":"Hem","item":"https:\/\/borascykelfabrik.se\/"},{"@type":"ListItem","position":2,"name":"Shop","item":"https:\/\/borascykelfabrik.se\/shop\/"},{"@type":"ListItem","position":3,"name":"K Components | 25\/50 | RACE"}]},{"@type":"WebSite","@id":"https:\/\/borascykelfabrik.se\/#website","url":"https:\/\/borascykelfabrik.se\/","name":"BCF","description":"more. no less.","potentialAction":[{"@type":"SearchAction","target":{"@type":"EntryPoint","urlTemplate":"https:\/\/borascykelfabrik.se\/?s={search_term_string}"},"query-input":{"@type":"PropertyValueSpecification","valueRequired":true,"valueName":"search_term_string"}}],"inLanguage":"da-DK"}]}},"taxonomy_info":{"product_cat":[{"value":93,"label":"K Components"}]},"featured_image_src_large":["https:\/\/borascykelfabrik.se\/wp-content\/uploads\/2025\/09\/DSC03660-1500x1000.jpg",1500,1000,true],"author_info":[],"comment_info":"","_links":{"self":[{"href":"https:\/\/borascykelfabrik.se\/dk\/wp-json\/wp\/v2\/product\/4805","targetHints":{"allow":["GET"]}}],"collection":[{"href":"https:\/\/borascykelfabrik.se\/dk\/wp-json\/wp\/v2\/product"}],"about":[{"href":"https:\/\/borascykelfabrik.se\/dk\/wp-json\/wp\/v2\/types\/product"}],"wp:featuredmedia":[{"embeddable":true,"href":"https:\/\/borascykelfabrik.se\/dk\/wp-json\/wp\/v2\/media\/4806"}],"wp:attachment":[{"href":"https:\/\/borascykelfabrik.se\/dk\/wp-json\/wp\/v2\/media?parent=4805"}],"wp:term":[{"taxonomy":"product_brand","embeddable":true,"href":"https:\/\/borascykelfabrik.se\/dk\/wp-json\/wp\/v2\/product_brand?post=4805"},{"taxonomy":"product_cat","embeddable":true,"href":"https:\/\/borascykelfabrik.se\/dk\/wp-json\/wp\/v2\/product_cat?post=4805"},{"taxonomy":"product_tag","embeddable":true,"href":"https:\/\/borascykelfabrik.se\/dk\/wp-json\/wp\/v2\/product_tag?post=4805"}],"curies":[{"name":"wp","href":"https:\/\/api.w.org\/{rel}","templated":true}]}}