{"id":4859,"date":"2025-09-26T04:54:44","date_gmt":"2025-09-26T04:54:44","guid":{"rendered":"https:\/\/borascykelfabrik.se\/?post_type=product&#038;p=4859"},"modified":"2026-05-11T12:55:09","modified_gmt":"2026-05-11T12:55:09","slug":"makadam-carbon-sport","status":"publish","type":"product","link":"https:\/\/borascykelfabrik.se\/dk\/vare\/makadam-carbon-sport\/","title":{"rendered":"MAKADAM | SPORT"},"content":{"rendered":"<p><em>Bem\u00e6rk venligst, at billederne kan afvige en smule fra de angivne specifikationer.<\/em><\/p>","protected":false},"excerpt":{"rendered":"<hr data-start=\"90\" data-end=\"93\" \/>\n<h2 data-start=\"95\" data-end=\"113\">MAKADAM | SPORT<\/h2>\n<p data-start=\"115\" data-end=\"377\">MAKADAM Sport er modellen for dem, der \u00f8nsker en hurtig, moderne gravelcykel med en klar f\u00f8lelse af performance \u2013 men i en mere tilg\u00e6ngelig pakke. Med en samlet v\u00e6gt p\u00e5 cirka 8,4 kg er den let, responsiv og bygget til at pr\u00e6stere ved h\u00f8je hastigheder p\u00e5 varierende underlag.<\/p>\n<p data-start=\"379\" data-end=\"596\">Platformen har plads til d\u00e6k op til 55 mm, hvilket giver dig masser af plads til at tilpasse cyklen til dit terr\u00e6n og dine ambitioner. Geometrien er stabil ved h\u00f8j hastighed, men livlig nok til at f\u00f8les engagerende, n\u00e5r vejen \u00e5bner sig.<\/p>\n<p data-start=\"598\" data-end=\"784\">Udstyret med <strong data-start=\"611\" data-end=\"641\">SRAM Rival AXS E1 13-speed<\/strong> Du f\u00e5r elektronisk pr\u00e6cision, et bredt omr\u00e5de og en ren, p\u00e5lidelig gearfornemmelse \u2013 uanset om det er tr\u00e6ning, l\u00f8b eller lange grusdage.<\/p>\n<p data-start=\"786\" data-end=\"904\" data-is-last-node=\"\" data-is-only-node=\"\">Ligesom andre MAKADAM&#039;er samles Sport i h\u00e5nden i Bor\u00e5s med fokus p\u00e5 balance, funktion og k\u00f8refornemmelse i hver eneste detalje.<\/p>","protected":false},"featured_media":5269,"template":"","meta":{"_acf_changed":false,"inline_featured_image":false,"_kad_blocks_custom_css":"","_kad_blocks_head_custom_js":"","_kad_blocks_body_custom_js":"","_kad_blocks_footer_custom_js":"","_monsterinsights_skip_tracking":false,"_monsterinsights_sitenote_active":false,"_monsterinsights_sitenote_note":"","_monsterinsights_sitenote_category":0},"product_brand":[],"product_cat":[105,15,19,25],"product_tag":[103],"class_list":{"0":"post-4859","1":"product","2":"type-product","3":"status-publish","4":"has-post-thumbnail","6":"product_cat-makadam","7":"product_cat-alla","8":"product_cat-cyklar","9":"product_cat-gravel-xc","10":"product_tag-makadam","12":"first","13":"instock","14":"shipping-taxable","15":"purchasable","16":"product-type-simple"},"acf":[],"yoast_head":"<!-- This site is optimized with the Yoast SEO plugin v24.1 - https:\/\/yoast.com\/wordpress\/plugins\/seo\/ -->\n<title>MAKADAM | SPORT - BCF<\/title>\n<meta name=\"robots\" content=\"index, follow, max-snippet:-1, max-image-preview:large, max-video-preview:-1\" \/>\n<link rel=\"canonical\" href=\"https:\/\/borascykelfabrik.se\/dk\/vare\/makadam-carbon-sport\/\" \/>\n<meta property=\"og:locale\" content=\"da_DK\" \/>\n<meta property=\"og:type\" content=\"article\" \/>\n<meta property=\"og:title\" content=\"MAKADAM | SPORT - BCF\" \/>\n<meta property=\"og:description\" content=\"MAKADAM | SPORT MAKADAM Sport \u00e4r modellen f\u00f6r dig som vill ha en snabb, modern gravelcykel med tydlig prestandak\u00e4nsla \u2013 men i en mer tillg\u00e4nglig upps\u00e4ttning. Med en totalvikt p\u00e5 cirka 8,4 kg \u00e4r den l\u00e4tt, responsiv och byggd f\u00f6r att fungera i h\u00f6gt tempo \u00f6ver varierande underlag. Plattformen rymmer upp till 55 mm d\u00e4ck, vilket ger gott om utrymme f\u00f6r att anpassa cykeln efter terr\u00e4ng och ambition. Geometrin \u00e4r stabil i fart men tillr\u00e4ckligt livlig f\u00f6r att k\u00e4nnas engagerande n\u00e4r v\u00e4gen \u00f6ppnar upp. Utrustad med SRAM Rival AXS E1 13-speed f\u00e5r du elektronisk precision, brett register och en ren, p\u00e5litlig v\u00e4xelk\u00e4nsla \u2013 oavsett om det handlar om tr\u00e4ning, lopp eller l\u00e5nga grusdagar. Precis som \u00f6vriga MAKADAM monteras Sport f\u00f6r hand i Bor\u00e5s, med fokus p\u00e5 balans, funktion och k\u00f6rk\u00e4nsla i varje detalj.\" \/>\n<meta property=\"og:url\" content=\"https:\/\/borascykelfabrik.se\/dk\/vare\/makadam-carbon-sport\/\" \/>\n<meta property=\"og:site_name\" content=\"BCF\" \/>\n<meta property=\"article:modified_time\" content=\"2026-05-11T12:55:09+00:00\" \/>\n<meta property=\"og:image\" content=\"https:\/\/borascykelfabrik.se\/wp-content\/uploads\/2025\/09\/MAKADAM-SPORT.png\" \/>\n\t<meta property=\"og:image:width\" content=\"1470\" \/>\n\t<meta property=\"og:image:height\" content=\"980\" \/>\n\t<meta property=\"og:image:type\" content=\"image\/png\" \/>\n<meta name=\"twitter:card\" content=\"summary_large_image\" \/>\n<meta name=\"twitter:label1\" content=\"Estimeret l\u00e6setid\" \/>\n\t<meta name=\"twitter:data1\" content=\"1 minut\" \/>\n<script type=\"application\/ld+json\" class=\"yoast-schema-graph\">{\"@context\":\"https:\/\/schema.org\",\"@graph\":[{\"@type\":\"WebPage\",\"@id\":\"https:\/\/borascykelfabrik.se\/produkt\/makadam-carbon-sport\/\",\"url\":\"https:\/\/borascykelfabrik.se\/produkt\/makadam-carbon-sport\/\",\"name\":\"MAKADAM | SPORT - BCF\",\"isPartOf\":{\"@id\":\"https:\/\/borascykelfabrik.se\/#website\"},\"primaryImageOfPage\":{\"@id\":\"https:\/\/borascykelfabrik.se\/produkt\/makadam-carbon-sport\/#primaryimage\"},\"image\":{\"@id\":\"https:\/\/borascykelfabrik.se\/produkt\/makadam-carbon-sport\/#primaryimage\"},\"thumbnailUrl\":\"https:\/\/borascykelfabrik.se\/wp-content\/uploads\/2025\/09\/MAKADAM-SPORT.png\",\"datePublished\":\"2025-09-26T04:54:44+00:00\",\"dateModified\":\"2026-05-11T12:55:09+00:00\",\"breadcrumb\":{\"@id\":\"https:\/\/borascykelfabrik.se\/produkt\/makadam-carbon-sport\/#breadcrumb\"},\"inLanguage\":\"da-DK\",\"potentialAction\":[{\"@type\":\"ReadAction\",\"target\":[\"https:\/\/borascykelfabrik.se\/produkt\/makadam-carbon-sport\/\"]}]},{\"@type\":\"ImageObject\",\"inLanguage\":\"da-DK\",\"@id\":\"https:\/\/borascykelfabrik.se\/produkt\/makadam-carbon-sport\/#primaryimage\",\"url\":\"https:\/\/borascykelfabrik.se\/wp-content\/uploads\/2025\/09\/MAKADAM-SPORT.png\",\"contentUrl\":\"https:\/\/borascykelfabrik.se\/wp-content\/uploads\/2025\/09\/MAKADAM-SPORT.png\",\"width\":1470,\"height\":980},{\"@type\":\"BreadcrumbList\",\"@id\":\"https:\/\/borascykelfabrik.se\/produkt\/makadam-carbon-sport\/#breadcrumb\",\"itemListElement\":[{\"@type\":\"ListItem\",\"position\":1,\"name\":\"Hem\",\"item\":\"https:\/\/borascykelfabrik.se\/\"},{\"@type\":\"ListItem\",\"position\":2,\"name\":\"Shop\",\"item\":\"https:\/\/borascykelfabrik.se\/shop\/\"},{\"@type\":\"ListItem\",\"position\":3,\"name\":\"MAKADAM | SPORT\"}]},{\"@type\":\"WebSite\",\"@id\":\"https:\/\/borascykelfabrik.se\/#website\",\"url\":\"https:\/\/borascykelfabrik.se\/\",\"name\":\"BCF\",\"description\":\"more. no less.\",\"potentialAction\":[{\"@type\":\"SearchAction\",\"target\":{\"@type\":\"EntryPoint\",\"urlTemplate\":\"https:\/\/borascykelfabrik.se\/?s={search_term_string}\"},\"query-input\":{\"@type\":\"PropertyValueSpecification\",\"valueRequired\":true,\"valueName\":\"search_term_string\"}}],\"inLanguage\":\"da-DK\"}]}<\/script>\n<!-- \/ Yoast SEO plugin. -->","yoast_head_json":{"title":"MAKADAM | SPORT - BCF","robots":{"index":"index","follow":"follow","max-snippet":"max-snippet:-1","max-image-preview":"max-image-preview:large","max-video-preview":"max-video-preview:-1"},"canonical":"https:\/\/borascykelfabrik.se\/dk\/vare\/makadam-carbon-sport\/","og_locale":"da_DK","og_type":"article","og_title":"MAKADAM | SPORT - BCF","og_description":"MAKADAM | SPORT MAKADAM Sport \u00e4r modellen f\u00f6r dig som vill ha en snabb, modern gravelcykel med tydlig prestandak\u00e4nsla \u2013 men i en mer tillg\u00e4nglig upps\u00e4ttning. Med en totalvikt p\u00e5 cirka 8,4 kg \u00e4r den l\u00e4tt, responsiv och byggd f\u00f6r att fungera i h\u00f6gt tempo \u00f6ver varierande underlag. Plattformen rymmer upp till 55 mm d\u00e4ck, vilket ger gott om utrymme f\u00f6r att anpassa cykeln efter terr\u00e4ng och ambition. Geometrin \u00e4r stabil i fart men tillr\u00e4ckligt livlig f\u00f6r att k\u00e4nnas engagerande n\u00e4r v\u00e4gen \u00f6ppnar upp. Utrustad med SRAM Rival AXS E1 13-speed f\u00e5r du elektronisk precision, brett register och en ren, p\u00e5litlig v\u00e4xelk\u00e4nsla \u2013 oavsett om det handlar om tr\u00e4ning, lopp eller l\u00e5nga grusdagar. Precis som \u00f6vriga MAKADAM monteras Sport f\u00f6r hand i Bor\u00e5s, med fokus p\u00e5 balans, funktion och k\u00f6rk\u00e4nsla i varje detalj.","og_url":"https:\/\/borascykelfabrik.se\/dk\/vare\/makadam-carbon-sport\/","og_site_name":"BCF","article_modified_time":"2026-05-11T12:55:09+00:00","og_image":[{"width":1470,"height":980,"url":"https:\/\/borascykelfabrik.se\/wp-content\/uploads\/2025\/09\/MAKADAM-SPORT.png","type":"image\/png"}],"twitter_card":"summary_large_image","twitter_misc":{"Estimeret l\u00e6setid":"1 minut"},"schema":{"@context":"https:\/\/schema.org","@graph":[{"@type":"WebPage","@id":"https:\/\/borascykelfabrik.se\/produkt\/makadam-carbon-sport\/","url":"https:\/\/borascykelfabrik.se\/produkt\/makadam-carbon-sport\/","name":"MAKADAM | SPORT - BCF","isPartOf":{"@id":"https:\/\/borascykelfabrik.se\/#website"},"primaryImageOfPage":{"@id":"https:\/\/borascykelfabrik.se\/produkt\/makadam-carbon-sport\/#primaryimage"},"image":{"@id":"https:\/\/borascykelfabrik.se\/produkt\/makadam-carbon-sport\/#primaryimage"},"thumbnailUrl":"https:\/\/borascykelfabrik.se\/wp-content\/uploads\/2025\/09\/MAKADAM-SPORT.png","datePublished":"2025-09-26T04:54:44+00:00","dateModified":"2026-05-11T12:55:09+00:00","breadcrumb":{"@id":"https:\/\/borascykelfabrik.se\/produkt\/makadam-carbon-sport\/#breadcrumb"},"inLanguage":"da-DK","potentialAction":[{"@type":"ReadAction","target":["https:\/\/borascykelfabrik.se\/produkt\/makadam-carbon-sport\/"]}]},{"@type":"ImageObject","inLanguage":"da-DK","@id":"https:\/\/borascykelfabrik.se\/produkt\/makadam-carbon-sport\/#primaryimage","url":"https:\/\/borascykelfabrik.se\/wp-content\/uploads\/2025\/09\/MAKADAM-SPORT.png","contentUrl":"https:\/\/borascykelfabrik.se\/wp-content\/uploads\/2025\/09\/MAKADAM-SPORT.png","width":1470,"height":980},{"@type":"BreadcrumbList","@id":"https:\/\/borascykelfabrik.se\/produkt\/makadam-carbon-sport\/#breadcrumb","itemListElement":[{"@type":"ListItem","position":1,"name":"Hem","item":"https:\/\/borascykelfabrik.se\/"},{"@type":"ListItem","position":2,"name":"Shop","item":"https:\/\/borascykelfabrik.se\/shop\/"},{"@type":"ListItem","position":3,"name":"MAKADAM | SPORT"}]},{"@type":"WebSite","@id":"https:\/\/borascykelfabrik.se\/#website","url":"https:\/\/borascykelfabrik.se\/","name":"BCF","description":"more. no less.","potentialAction":[{"@type":"SearchAction","target":{"@type":"EntryPoint","urlTemplate":"https:\/\/borascykelfabrik.se\/?s={search_term_string}"},"query-input":{"@type":"PropertyValueSpecification","valueRequired":true,"valueName":"search_term_string"}}],"inLanguage":"da-DK"}]}},"taxonomy_info":{"product_cat":[{"value":105,"label":"MAKADAM"},{"value":15,"label":"Alla produkter"},{"value":19,"label":"Cyklar"},{"value":25,"label":"GRAVEL \/ CX"}],"product_tag":[{"value":103,"label":"Makadam"}]},"featured_image_src_large":["https:\/\/borascykelfabrik.se\/wp-content\/uploads\/2025\/09\/MAKADAM-SPORT.png",1470,980,false],"author_info":[],"comment_info":"","_links":{"self":[{"href":"https:\/\/borascykelfabrik.se\/dk\/wp-json\/wp\/v2\/product\/4859","targetHints":{"allow":["GET"]}}],"collection":[{"href":"https:\/\/borascykelfabrik.se\/dk\/wp-json\/wp\/v2\/product"}],"about":[{"href":"https:\/\/borascykelfabrik.se\/dk\/wp-json\/wp\/v2\/types\/product"}],"wp:featuredmedia":[{"embeddable":true,"href":"https:\/\/borascykelfabrik.se\/dk\/wp-json\/wp\/v2\/media\/5269"}],"wp:attachment":[{"href":"https:\/\/borascykelfabrik.se\/dk\/wp-json\/wp\/v2\/media?parent=4859"}],"wp:term":[{"taxonomy":"product_brand","embeddable":true,"href":"https:\/\/borascykelfabrik.se\/dk\/wp-json\/wp\/v2\/product_brand?post=4859"},{"taxonomy":"product_cat","embeddable":true,"href":"https:\/\/borascykelfabrik.se\/dk\/wp-json\/wp\/v2\/product_cat?post=4859"},{"taxonomy":"product_tag","embeddable":true,"href":"https:\/\/borascykelfabrik.se\/dk\/wp-json\/wp\/v2\/product_tag?post=4859"}],"curies":[{"name":"wp","href":"https:\/\/api.w.org\/{rel}","templated":true}]}}