{"id":4998,"date":"2026-02-13T08:45:13","date_gmt":"2026-02-13T08:45:13","guid":{"rendered":"https:\/\/borascykelfabrik.se\/?post_type=product&#038;p=4998"},"modified":"2026-03-07T07:59:56","modified_gmt":"2026-03-07T07:59:56","slug":"makadam-pro","status":"publish","type":"product","link":"https:\/\/borascykelfabrik.se\/dk\/vare\/makadam-pro\/","title":{"rendered":"MAKADAM | PRO"},"content":{"rendered":"<p><em>Bem\u00e6rk venligst, at billederne kan afvige en smule fra de angivne specifikationer.<\/em><\/p>","protected":false},"excerpt":{"rendered":"<hr data-start=\"96\" data-end=\"99\" \/>\n<h2 data-start=\"101\" data-end=\"119\">MAKADAM | PRO<\/h2>\n<p data-start=\"121\" data-end=\"407\">MAKADAM Pro er vores mest kompromisl\u00f8se gravelcykel \u2013 udviklet til racerl\u00f8b, h\u00f8j hastighed og maksimal effektivitet p\u00e5 varierende underlag. Med en samlet v\u00e6gt p\u00e5 ca. <strong data-start=\"283\" data-end=\"293\">7,2 kg<\/strong> Den er eksplosiv i acceleration, effektiv i stigninger og stabil, n\u00e5r hastigheden er h\u00f8j over lange grusstr\u00e6kninger.<\/p>\n<p data-start=\"409\" data-end=\"710\">Udstyret med <strong data-start=\"422\" data-end=\"452\">SRAM RED AXS XPLR 13-speed<\/strong> og hjul bygget rundt om <strong data-start=\"475\" data-end=\"499\">K Components PRO-nav<\/strong> Du f\u00e5r \u00f8jeblikkelig kraftoverf\u00f8rsel, pr\u00e6cis gearskifte og minimalt energitab. Platformen har plads til d\u00e6k op til 55 mm, hvilket giver fleksibilitet \u2013 men i PRO-versionen er fokus klart: lav v\u00e6gt, stivhed og kontrol.<\/p>\n<p data-start=\"712\" data-end=\"809\" data-is-last-node=\"\" data-is-only-node=\"\">H\u00e5ndbygget i Bor\u00e5s, med pr\u00e6cision i hver eneste detalje.<br data-start=\"760\" data-end=\"763\" \/>Dette er MACADAM i sin mest optimerede form.<\/p>","protected":false},"featured_media":5000,"template":"","meta":{"_acf_changed":false,"inline_featured_image":false,"_kad_blocks_custom_css":"","_kad_blocks_head_custom_js":"","_kad_blocks_body_custom_js":"","_kad_blocks_footer_custom_js":"","_monsterinsights_skip_tracking":false,"_monsterinsights_sitenote_active":false,"_monsterinsights_sitenote_note":"","_monsterinsights_sitenote_category":0},"product_brand":[],"product_cat":[105,15,19,25],"product_tag":[103],"class_list":{"0":"post-4998","1":"product","2":"type-product","3":"status-publish","4":"has-post-thumbnail","6":"product_cat-makadam","7":"product_cat-alla","8":"product_cat-cyklar","9":"product_cat-gravel-xc","10":"product_tag-makadam","12":"first","13":"instock","14":"shipping-taxable","15":"purchasable","16":"product-type-simple"},"acf":[],"yoast_head":"<!-- This site is optimized with the Yoast SEO plugin v24.1 - https:\/\/yoast.com\/wordpress\/plugins\/seo\/ -->\n<title>MAKADAM | PRO - BCF<\/title>\n<meta name=\"robots\" content=\"index, follow, max-snippet:-1, max-image-preview:large, max-video-preview:-1\" \/>\n<link rel=\"canonical\" href=\"https:\/\/borascykelfabrik.se\/dk\/vare\/makadam-pro\/\" \/>\n<meta property=\"og:locale\" content=\"da_DK\" \/>\n<meta property=\"og:type\" content=\"article\" \/>\n<meta property=\"og:title\" content=\"MAKADAM | PRO - BCF\" \/>\n<meta property=\"og:description\" content=\"MAKADAM | PRO MAKADAM Pro \u00e4r v\u00e5r mest kompromissl\u00f6sa gravelcykel \u2013 utvecklad f\u00f6r t\u00e4vling, h\u00f6gt tempo och maximal effektivitet p\u00e5 varierande underlag. Med en totalvikt p\u00e5 cirka 7,2 kg \u00e4r den explosiv i accelerationerna, effektiv i kl\u00e4ttringarna och stabil n\u00e4r farten \u00e4r h\u00f6g \u00f6ver l\u00e5nga gruspartier. Utrustad med SRAM RED AXS XPLR 13-speed och hjul byggda kring K Components PRO-nav f\u00e5r du omedelbar kraft\u00f6verf\u00f6ring, exakt v\u00e4xling och minimal energif\u00f6rlust. Plattformen rymmer upp till 55 mm d\u00e4ck, vilket ger flexibilitet \u2013 men i PRO-utf\u00f6rande \u00e4r fokus tydligt: l\u00e5g vikt, styvhet och kontroll. Handbyggd i Bor\u00e5s, med precision i varje detalj.Det h\u00e4r \u00e4r MAKADAM i sin mest optimerade form.\" \/>\n<meta property=\"og:url\" content=\"https:\/\/borascykelfabrik.se\/dk\/vare\/makadam-pro\/\" \/>\n<meta property=\"og:site_name\" content=\"BCF\" \/>\n<meta property=\"article:modified_time\" content=\"2026-03-07T07:59:56+00:00\" \/>\n<meta property=\"og:image\" content=\"https:\/\/borascykelfabrik.se\/wp-content\/uploads\/2026\/02\/Makadam-scaled.jpg\" \/>\n\t<meta property=\"og:image:width\" content=\"2560\" \/>\n\t<meta property=\"og:image:height\" content=\"1811\" \/>\n\t<meta property=\"og:image:type\" content=\"image\/jpeg\" \/>\n<meta name=\"twitter:card\" content=\"summary_large_image\" \/>\n<meta name=\"twitter:label1\" content=\"Estimeret l\u00e6setid\" \/>\n\t<meta name=\"twitter:data1\" content=\"1 minut\" \/>\n<script type=\"application\/ld+json\" class=\"yoast-schema-graph\">{\"@context\":\"https:\/\/schema.org\",\"@graph\":[{\"@type\":\"WebPage\",\"@id\":\"https:\/\/borascykelfabrik.se\/produkt\/makadam-pro\/\",\"url\":\"https:\/\/borascykelfabrik.se\/produkt\/makadam-pro\/\",\"name\":\"MAKADAM | PRO - BCF\",\"isPartOf\":{\"@id\":\"https:\/\/borascykelfabrik.se\/#website\"},\"primaryImageOfPage\":{\"@id\":\"https:\/\/borascykelfabrik.se\/produkt\/makadam-pro\/#primaryimage\"},\"image\":{\"@id\":\"https:\/\/borascykelfabrik.se\/produkt\/makadam-pro\/#primaryimage\"},\"thumbnailUrl\":\"https:\/\/borascykelfabrik.se\/wp-content\/uploads\/2026\/02\/Makadam-scaled.jpg\",\"datePublished\":\"2026-02-13T08:45:13+00:00\",\"dateModified\":\"2026-03-07T07:59:56+00:00\",\"breadcrumb\":{\"@id\":\"https:\/\/borascykelfabrik.se\/produkt\/makadam-pro\/#breadcrumb\"},\"inLanguage\":\"da-DK\",\"potentialAction\":[{\"@type\":\"ReadAction\",\"target\":[\"https:\/\/borascykelfabrik.se\/produkt\/makadam-pro\/\"]}]},{\"@type\":\"ImageObject\",\"inLanguage\":\"da-DK\",\"@id\":\"https:\/\/borascykelfabrik.se\/produkt\/makadam-pro\/#primaryimage\",\"url\":\"https:\/\/borascykelfabrik.se\/wp-content\/uploads\/2026\/02\/Makadam-scaled.jpg\",\"contentUrl\":\"https:\/\/borascykelfabrik.se\/wp-content\/uploads\/2026\/02\/Makadam-scaled.jpg\",\"width\":2560,\"height\":1811},{\"@type\":\"BreadcrumbList\",\"@id\":\"https:\/\/borascykelfabrik.se\/produkt\/makadam-pro\/#breadcrumb\",\"itemListElement\":[{\"@type\":\"ListItem\",\"position\":1,\"name\":\"Hem\",\"item\":\"https:\/\/borascykelfabrik.se\/\"},{\"@type\":\"ListItem\",\"position\":2,\"name\":\"Shop\",\"item\":\"https:\/\/borascykelfabrik.se\/shop\/\"},{\"@type\":\"ListItem\",\"position\":3,\"name\":\"MAKADAM | PRO\"}]},{\"@type\":\"WebSite\",\"@id\":\"https:\/\/borascykelfabrik.se\/#website\",\"url\":\"https:\/\/borascykelfabrik.se\/\",\"name\":\"BCF\",\"description\":\"more. no less.\",\"potentialAction\":[{\"@type\":\"SearchAction\",\"target\":{\"@type\":\"EntryPoint\",\"urlTemplate\":\"https:\/\/borascykelfabrik.se\/?s={search_term_string}\"},\"query-input\":{\"@type\":\"PropertyValueSpecification\",\"valueRequired\":true,\"valueName\":\"search_term_string\"}}],\"inLanguage\":\"da-DK\"}]}<\/script>\n<!-- \/ Yoast SEO plugin. -->","yoast_head_json":{"title":"MAKADAM | PRO - BCF","robots":{"index":"index","follow":"follow","max-snippet":"max-snippet:-1","max-image-preview":"max-image-preview:large","max-video-preview":"max-video-preview:-1"},"canonical":"https:\/\/borascykelfabrik.se\/dk\/vare\/makadam-pro\/","og_locale":"da_DK","og_type":"article","og_title":"MAKADAM | PRO - BCF","og_description":"MAKADAM | PRO MAKADAM Pro \u00e4r v\u00e5r mest kompromissl\u00f6sa gravelcykel \u2013 utvecklad f\u00f6r t\u00e4vling, h\u00f6gt tempo och maximal effektivitet p\u00e5 varierande underlag. Med en totalvikt p\u00e5 cirka 7,2 kg \u00e4r den explosiv i accelerationerna, effektiv i kl\u00e4ttringarna och stabil n\u00e4r farten \u00e4r h\u00f6g \u00f6ver l\u00e5nga gruspartier. Utrustad med SRAM RED AXS XPLR 13-speed och hjul byggda kring K Components PRO-nav f\u00e5r du omedelbar kraft\u00f6verf\u00f6ring, exakt v\u00e4xling och minimal energif\u00f6rlust. Plattformen rymmer upp till 55 mm d\u00e4ck, vilket ger flexibilitet \u2013 men i PRO-utf\u00f6rande \u00e4r fokus tydligt: l\u00e5g vikt, styvhet och kontroll. Handbyggd i Bor\u00e5s, med precision i varje detalj.Det h\u00e4r \u00e4r MAKADAM i sin mest optimerade form.","og_url":"https:\/\/borascykelfabrik.se\/dk\/vare\/makadam-pro\/","og_site_name":"BCF","article_modified_time":"2026-03-07T07:59:56+00:00","og_image":[{"width":2560,"height":1811,"url":"https:\/\/borascykelfabrik.se\/wp-content\/uploads\/2026\/02\/Makadam-scaled.jpg","type":"image\/jpeg"}],"twitter_card":"summary_large_image","twitter_misc":{"Estimeret l\u00e6setid":"1 minut"},"schema":{"@context":"https:\/\/schema.org","@graph":[{"@type":"WebPage","@id":"https:\/\/borascykelfabrik.se\/produkt\/makadam-pro\/","url":"https:\/\/borascykelfabrik.se\/produkt\/makadam-pro\/","name":"MAKADAM | PRO - BCF","isPartOf":{"@id":"https:\/\/borascykelfabrik.se\/#website"},"primaryImageOfPage":{"@id":"https:\/\/borascykelfabrik.se\/produkt\/makadam-pro\/#primaryimage"},"image":{"@id":"https:\/\/borascykelfabrik.se\/produkt\/makadam-pro\/#primaryimage"},"thumbnailUrl":"https:\/\/borascykelfabrik.se\/wp-content\/uploads\/2026\/02\/Makadam-scaled.jpg","datePublished":"2026-02-13T08:45:13+00:00","dateModified":"2026-03-07T07:59:56+00:00","breadcrumb":{"@id":"https:\/\/borascykelfabrik.se\/produkt\/makadam-pro\/#breadcrumb"},"inLanguage":"da-DK","potentialAction":[{"@type":"ReadAction","target":["https:\/\/borascykelfabrik.se\/produkt\/makadam-pro\/"]}]},{"@type":"ImageObject","inLanguage":"da-DK","@id":"https:\/\/borascykelfabrik.se\/produkt\/makadam-pro\/#primaryimage","url":"https:\/\/borascykelfabrik.se\/wp-content\/uploads\/2026\/02\/Makadam-scaled.jpg","contentUrl":"https:\/\/borascykelfabrik.se\/wp-content\/uploads\/2026\/02\/Makadam-scaled.jpg","width":2560,"height":1811},{"@type":"BreadcrumbList","@id":"https:\/\/borascykelfabrik.se\/produkt\/makadam-pro\/#breadcrumb","itemListElement":[{"@type":"ListItem","position":1,"name":"Hem","item":"https:\/\/borascykelfabrik.se\/"},{"@type":"ListItem","position":2,"name":"Shop","item":"https:\/\/borascykelfabrik.se\/shop\/"},{"@type":"ListItem","position":3,"name":"MAKADAM | PRO"}]},{"@type":"WebSite","@id":"https:\/\/borascykelfabrik.se\/#website","url":"https:\/\/borascykelfabrik.se\/","name":"BCF","description":"more. no less.","potentialAction":[{"@type":"SearchAction","target":{"@type":"EntryPoint","urlTemplate":"https:\/\/borascykelfabrik.se\/?s={search_term_string}"},"query-input":{"@type":"PropertyValueSpecification","valueRequired":true,"valueName":"search_term_string"}}],"inLanguage":"da-DK"}]}},"taxonomy_info":{"product_cat":[{"value":105,"label":"MAKADAM"},{"value":15,"label":"Alla produkter"},{"value":19,"label":"Cyklar"},{"value":25,"label":"GRAVEL \/ CX"}],"product_tag":[{"value":103,"label":"Makadam"}]},"featured_image_src_large":["https:\/\/borascykelfabrik.se\/wp-content\/uploads\/2026\/02\/Makadam-1500x1061.jpg",1500,1061,true],"author_info":[],"comment_info":"","_links":{"self":[{"href":"https:\/\/borascykelfabrik.se\/dk\/wp-json\/wp\/v2\/product\/4998","targetHints":{"allow":["GET"]}}],"collection":[{"href":"https:\/\/borascykelfabrik.se\/dk\/wp-json\/wp\/v2\/product"}],"about":[{"href":"https:\/\/borascykelfabrik.se\/dk\/wp-json\/wp\/v2\/types\/product"}],"wp:featuredmedia":[{"embeddable":true,"href":"https:\/\/borascykelfabrik.se\/dk\/wp-json\/wp\/v2\/media\/5000"}],"wp:attachment":[{"href":"https:\/\/borascykelfabrik.se\/dk\/wp-json\/wp\/v2\/media?parent=4998"}],"wp:term":[{"taxonomy":"product_brand","embeddable":true,"href":"https:\/\/borascykelfabrik.se\/dk\/wp-json\/wp\/v2\/product_brand?post=4998"},{"taxonomy":"product_cat","embeddable":true,"href":"https:\/\/borascykelfabrik.se\/dk\/wp-json\/wp\/v2\/product_cat?post=4998"},{"taxonomy":"product_tag","embeddable":true,"href":"https:\/\/borascykelfabrik.se\/dk\/wp-json\/wp\/v2\/product_tag?post=4998"}],"curies":[{"name":"wp","href":"https:\/\/api.w.org\/{rel}","templated":true}]}}