{"id":5168,"date":"2026-03-23T12:18:11","date_gmt":"2026-03-23T12:18:11","guid":{"rendered":"https:\/\/borascykelfabrik.se\/?post_type=product&#038;p=5168"},"modified":"2026-03-23T12:28:42","modified_gmt":"2026-03-23T12:28:42","slug":"xc-ht-race-xl","status":"publish","type":"product","link":"https:\/\/borascykelfabrik.se\/dk\/vare\/xc-ht-race-xl\/","title":{"rendered":"XC HT | RACE | XL"},"content":{"rendered":"<p data-start=\"119\" data-end=\"137\"><strong data-start=\"119\" data-end=\"135\">FACTORY SALE<\/strong><\/p>\n<p data-start=\"139\" data-end=\"330\"><strong data-start=\"139\" data-end=\"178\">Showroom-eksemplar \u2013 unik mulighed<\/strong><br data-start=\"178\" data-end=\"181\" \/>Denne cykel har v\u00e6ret i vores showroom og s\u00e6lges derfor til en favorabel pris.<\/p>\n<p data-start=\"139\" data-end=\"330\">St\u00f8rrelse: <strong>XL<\/strong><\/p>\n<p data-start=\"413\" data-end=\"577\"><em>Bem\u00e6rk venligst, at der kan v\u00e6re mindre, rent \u00e6stetiske skader p\u00e5 stellet eller komponenterne. Disse p\u00e5virker ikke funktionen, men bidrager til den lavere pris.<\/em><\/p>\n<p>&nbsp;<\/p>\n<p><em><strong>Link til produktside og specifikation: <\/strong><a href=\"https:\/\/borascykelfabrik.se\/dk\/vare\/bcf-xc-hardtail-race\/\">KLIK HER<\/a><\/em><\/p>\n<p>&nbsp;<\/p>","protected":false},"excerpt":{"rendered":"<p data-start=\"119\" data-end=\"137\"><strong data-start=\"119\" data-end=\"135\">FACTORY SALE<\/strong><\/p>\n<p data-start=\"139\" data-end=\"330\"><strong data-start=\"139\" data-end=\"178\">Showroom-eksemplar \u2013 unik mulighed<\/strong><br data-start=\"178\" data-end=\"181\" \/>Denne cykel har v\u00e6ret i vores showroom og s\u00e6lges derfor til en favorabel pris.<\/p>\n<p data-start=\"139\" data-end=\"330\">St\u00f8rrelse: <strong>XL<\/strong><\/p>\n<p data-start=\"413\" data-end=\"577\"><em>Bem\u00e6rk venligst, at der kan v\u00e6re mindre, rent \u00e6stetiske skader p\u00e5 stellet eller komponenterne. Disse p\u00e5virker ikke funktionen, men bidrager til den lavere pris.<\/em><\/p>\n<p>&nbsp;<\/p>\n<p><em><strong>Link til produktside og specifikation: <\/strong><a href=\"https:\/\/borascykelfabrik.se\/dk\/vare\/bcf-xc-hardtail-race\/\">KLIK HER<\/a><\/em><\/p>","protected":false},"featured_media":5169,"template":"","meta":{"_acf_changed":false,"inline_featured_image":false,"_kad_blocks_custom_css":"","_kad_blocks_head_custom_js":"","_kad_blocks_body_custom_js":"","_kad_blocks_footer_custom_js":"","_monsterinsights_skip_tracking":false,"_monsterinsights_sitenote_active":false,"_monsterinsights_sitenote_note":"","_monsterinsights_sitenote_category":0},"product_brand":[],"product_cat":[97],"product_tag":[],"class_list":{"0":"post-5168","1":"product","2":"type-product","3":"status-publish","4":"has-post-thumbnail","6":"product_cat-factory-sale","8":"first","9":"instock","10":"sale","11":"shipping-taxable","12":"purchasable","13":"product-type-simple"},"acf":[],"yoast_head":"<!-- This site is optimized with the Yoast SEO plugin v24.1 - https:\/\/yoast.com\/wordpress\/plugins\/seo\/ -->\n<title>XC HT | RACE | XL - BCF<\/title>\n<meta name=\"robots\" content=\"index, follow, max-snippet:-1, max-image-preview:large, max-video-preview:-1\" \/>\n<link rel=\"canonical\" href=\"https:\/\/borascykelfabrik.se\/dk\/vare\/xc-ht-race-xl\/\" \/>\n<meta property=\"og:locale\" content=\"da_DK\" \/>\n<meta property=\"og:type\" content=\"article\" \/>\n<meta property=\"og:title\" content=\"XC HT | RACE | XL - BCF\" \/>\n<meta property=\"og:description\" content=\"FACTORY SALE Showroom-exemplar \u2013 unikt tillf\u00e4lleDenna cykel har st\u00e5tt i v\u00e5rt showroom och s\u00e4ljs d\u00e4rf\u00f6r till ett f\u00f6rm\u00e5nligt pris. Storlek: XL Observera att det kan f\u00f6rekomma mindre, enbart estetiska skador p\u00e5 ramen eller komponenterna. Dessa p\u00e5verkar inte funktionen, men bidrar till att priset \u00e4r l\u00e4gre. &nbsp;  L\u00e4nk till produktsida och specifikation: KLICKA H\u00c4R\" \/>\n<meta property=\"og:url\" content=\"https:\/\/borascykelfabrik.se\/dk\/vare\/xc-ht-race-xl\/\" \/>\n<meta property=\"og:site_name\" content=\"BCF\" \/>\n<meta property=\"article:modified_time\" content=\"2026-03-23T12:28:42+00:00\" \/>\n<meta property=\"og:image\" content=\"https:\/\/borascykelfabrik.se\/wp-content\/uploads\/2026\/03\/02-scaled.jpg\" \/>\n\t<meta property=\"og:image:width\" content=\"2560\" \/>\n\t<meta property=\"og:image:height\" content=\"1707\" \/>\n\t<meta property=\"og:image:type\" content=\"image\/jpeg\" \/>\n<meta name=\"twitter:card\" content=\"summary_large_image\" \/>\n<meta name=\"twitter:label1\" content=\"Estimeret l\u00e6setid\" \/>\n\t<meta name=\"twitter:data1\" content=\"1 minut\" \/>\n<script type=\"application\/ld+json\" class=\"yoast-schema-graph\">{\"@context\":\"https:\/\/schema.org\",\"@graph\":[{\"@type\":\"WebPage\",\"@id\":\"https:\/\/borascykelfabrik.se\/produkt\/xc-ht-race-xl\/\",\"url\":\"https:\/\/borascykelfabrik.se\/produkt\/xc-ht-race-xl\/\",\"name\":\"XC HT | RACE | XL - BCF\",\"isPartOf\":{\"@id\":\"https:\/\/borascykelfabrik.se\/#website\"},\"primaryImageOfPage\":{\"@id\":\"https:\/\/borascykelfabrik.se\/produkt\/xc-ht-race-xl\/#primaryimage\"},\"image\":{\"@id\":\"https:\/\/borascykelfabrik.se\/produkt\/xc-ht-race-xl\/#primaryimage\"},\"thumbnailUrl\":\"https:\/\/borascykelfabrik.se\/wp-content\/uploads\/2026\/03\/02-scaled.jpg\",\"datePublished\":\"2026-03-23T12:18:11+00:00\",\"dateModified\":\"2026-03-23T12:28:42+00:00\",\"breadcrumb\":{\"@id\":\"https:\/\/borascykelfabrik.se\/produkt\/xc-ht-race-xl\/#breadcrumb\"},\"inLanguage\":\"da-DK\",\"potentialAction\":[{\"@type\":\"ReadAction\",\"target\":[\"https:\/\/borascykelfabrik.se\/produkt\/xc-ht-race-xl\/\"]}]},{\"@type\":\"ImageObject\",\"inLanguage\":\"da-DK\",\"@id\":\"https:\/\/borascykelfabrik.se\/produkt\/xc-ht-race-xl\/#primaryimage\",\"url\":\"https:\/\/borascykelfabrik.se\/wp-content\/uploads\/2026\/03\/02-scaled.jpg\",\"contentUrl\":\"https:\/\/borascykelfabrik.se\/wp-content\/uploads\/2026\/03\/02-scaled.jpg\",\"width\":2560,\"height\":1707},{\"@type\":\"BreadcrumbList\",\"@id\":\"https:\/\/borascykelfabrik.se\/produkt\/xc-ht-race-xl\/#breadcrumb\",\"itemListElement\":[{\"@type\":\"ListItem\",\"position\":1,\"name\":\"Hem\",\"item\":\"https:\/\/borascykelfabrik.se\/\"},{\"@type\":\"ListItem\",\"position\":2,\"name\":\"Shop\",\"item\":\"https:\/\/borascykelfabrik.se\/shop\/\"},{\"@type\":\"ListItem\",\"position\":3,\"name\":\"XC HT | RACE | XL\"}]},{\"@type\":\"WebSite\",\"@id\":\"https:\/\/borascykelfabrik.se\/#website\",\"url\":\"https:\/\/borascykelfabrik.se\/\",\"name\":\"BCF\",\"description\":\"more. no less.\",\"potentialAction\":[{\"@type\":\"SearchAction\",\"target\":{\"@type\":\"EntryPoint\",\"urlTemplate\":\"https:\/\/borascykelfabrik.se\/?s={search_term_string}\"},\"query-input\":{\"@type\":\"PropertyValueSpecification\",\"valueRequired\":true,\"valueName\":\"search_term_string\"}}],\"inLanguage\":\"da-DK\"}]}<\/script>\n<!-- \/ Yoast SEO plugin. -->","yoast_head_json":{"title":"XC HT | RACE | XL - BCF","robots":{"index":"index","follow":"follow","max-snippet":"max-snippet:-1","max-image-preview":"max-image-preview:large","max-video-preview":"max-video-preview:-1"},"canonical":"https:\/\/borascykelfabrik.se\/dk\/vare\/xc-ht-race-xl\/","og_locale":"da_DK","og_type":"article","og_title":"XC HT | RACE | XL - BCF","og_description":"FACTORY SALE Showroom-exemplar \u2013 unikt tillf\u00e4lleDenna cykel har st\u00e5tt i v\u00e5rt showroom och s\u00e4ljs d\u00e4rf\u00f6r till ett f\u00f6rm\u00e5nligt pris. Storlek: XL Observera att det kan f\u00f6rekomma mindre, enbart estetiska skador p\u00e5 ramen eller komponenterna. Dessa p\u00e5verkar inte funktionen, men bidrar till att priset \u00e4r l\u00e4gre. &nbsp;  L\u00e4nk till produktsida och specifikation: KLICKA H\u00c4R","og_url":"https:\/\/borascykelfabrik.se\/dk\/vare\/xc-ht-race-xl\/","og_site_name":"BCF","article_modified_time":"2026-03-23T12:28:42+00:00","og_image":[{"width":2560,"height":1707,"url":"https:\/\/borascykelfabrik.se\/wp-content\/uploads\/2026\/03\/02-scaled.jpg","type":"image\/jpeg"}],"twitter_card":"summary_large_image","twitter_misc":{"Estimeret l\u00e6setid":"1 minut"},"schema":{"@context":"https:\/\/schema.org","@graph":[{"@type":"WebPage","@id":"https:\/\/borascykelfabrik.se\/produkt\/xc-ht-race-xl\/","url":"https:\/\/borascykelfabrik.se\/produkt\/xc-ht-race-xl\/","name":"XC HT | RACE | XL - BCF","isPartOf":{"@id":"https:\/\/borascykelfabrik.se\/#website"},"primaryImageOfPage":{"@id":"https:\/\/borascykelfabrik.se\/produkt\/xc-ht-race-xl\/#primaryimage"},"image":{"@id":"https:\/\/borascykelfabrik.se\/produkt\/xc-ht-race-xl\/#primaryimage"},"thumbnailUrl":"https:\/\/borascykelfabrik.se\/wp-content\/uploads\/2026\/03\/02-scaled.jpg","datePublished":"2026-03-23T12:18:11+00:00","dateModified":"2026-03-23T12:28:42+00:00","breadcrumb":{"@id":"https:\/\/borascykelfabrik.se\/produkt\/xc-ht-race-xl\/#breadcrumb"},"inLanguage":"da-DK","potentialAction":[{"@type":"ReadAction","target":["https:\/\/borascykelfabrik.se\/produkt\/xc-ht-race-xl\/"]}]},{"@type":"ImageObject","inLanguage":"da-DK","@id":"https:\/\/borascykelfabrik.se\/produkt\/xc-ht-race-xl\/#primaryimage","url":"https:\/\/borascykelfabrik.se\/wp-content\/uploads\/2026\/03\/02-scaled.jpg","contentUrl":"https:\/\/borascykelfabrik.se\/wp-content\/uploads\/2026\/03\/02-scaled.jpg","width":2560,"height":1707},{"@type":"BreadcrumbList","@id":"https:\/\/borascykelfabrik.se\/produkt\/xc-ht-race-xl\/#breadcrumb","itemListElement":[{"@type":"ListItem","position":1,"name":"Hem","item":"https:\/\/borascykelfabrik.se\/"},{"@type":"ListItem","position":2,"name":"Shop","item":"https:\/\/borascykelfabrik.se\/shop\/"},{"@type":"ListItem","position":3,"name":"XC HT | RACE | XL"}]},{"@type":"WebSite","@id":"https:\/\/borascykelfabrik.se\/#website","url":"https:\/\/borascykelfabrik.se\/","name":"BCF","description":"more. no less.","potentialAction":[{"@type":"SearchAction","target":{"@type":"EntryPoint","urlTemplate":"https:\/\/borascykelfabrik.se\/?s={search_term_string}"},"query-input":{"@type":"PropertyValueSpecification","valueRequired":true,"valueName":"search_term_string"}}],"inLanguage":"da-DK"}]}},"taxonomy_info":{"product_cat":[{"value":97,"label":"FACTORY SALE"}]},"featured_image_src_large":["https:\/\/borascykelfabrik.se\/wp-content\/uploads\/2026\/03\/02-1500x1000.jpg",1500,1000,true],"author_info":[],"comment_info":"","_links":{"self":[{"href":"https:\/\/borascykelfabrik.se\/dk\/wp-json\/wp\/v2\/product\/5168","targetHints":{"allow":["GET"]}}],"collection":[{"href":"https:\/\/borascykelfabrik.se\/dk\/wp-json\/wp\/v2\/product"}],"about":[{"href":"https:\/\/borascykelfabrik.se\/dk\/wp-json\/wp\/v2\/types\/product"}],"wp:featuredmedia":[{"embeddable":true,"href":"https:\/\/borascykelfabrik.se\/dk\/wp-json\/wp\/v2\/media\/5169"}],"wp:attachment":[{"href":"https:\/\/borascykelfabrik.se\/dk\/wp-json\/wp\/v2\/media?parent=5168"}],"wp:term":[{"taxonomy":"product_brand","embeddable":true,"href":"https:\/\/borascykelfabrik.se\/dk\/wp-json\/wp\/v2\/product_brand?post=5168"},{"taxonomy":"product_cat","embeddable":true,"href":"https:\/\/borascykelfabrik.se\/dk\/wp-json\/wp\/v2\/product_cat?post=5168"},{"taxonomy":"product_tag","embeddable":true,"href":"https:\/\/borascykelfabrik.se\/dk\/wp-json\/wp\/v2\/product_tag?post=5168"}],"curies":[{"name":"wp","href":"https:\/\/api.w.org\/{rel}","templated":true}]}}