{"id":546,"date":"2023-09-07T14:17:48","date_gmt":"2023-09-07T14:17:48","guid":{"rendered":"https:\/\/borascykelfabrik.se\/?post_type=product&#038;p=546"},"modified":"2025-05-22T14:47:02","modified_gmt":"2025-05-22T14:47:02","slug":"bcf-adventure-race","status":"publish","type":"product","link":"https:\/\/borascykelfabrik.se\/dk\/vare\/bcf-adventure-race\/","title":{"rendered":"EVENTYR | RACE"},"content":{"rendered":"","protected":false},"excerpt":{"rendered":"<div class=\"et_pb_section et_pb_section_3 et_section_regular\">\n<div class=\"et_pb_row et_pb_row_3\">\n<div class=\"et_pb_column et_pb_column_4_4 et_pb_column_3 et_pb_css_mix_blend_mode_passthrough et-last-child\">\n<div class=\"et_pb_module et_pb_blurb et_pb_blurb_0 et_pb_text_align_left et_pb_blurb_position_top et_pb_bg_layout_light\">\n<div class=\"et_pb_blurb_content\">\n<div class=\"et_pb_blurb_container\">\n<div class=\"et_pb_blurb_description\">\n<p>Du kan nu have en anden cykel til hver overflade, profil, distance... ja, praktisk talt til hver dag i ugen. For at kunne komme l\u00e6ngere og ud p\u00e5 stier og veje, hvor man ikke kan n\u00e5 med en landevejscykel, er der Gruset eller Cyclocrossen p\u00e5 de dage, man ikke har lyst til at tage en Mountainbike.<\/p>\n<\/div>\n<\/div>\n<\/div>\n<\/div>\n<\/div>\n<\/div>\n<\/div>","protected":false},"featured_media":4283,"template":"","meta":{"_acf_changed":false,"inline_featured_image":false,"_kad_blocks_custom_css":"","_kad_blocks_head_custom_js":"","_kad_blocks_body_custom_js":"","_kad_blocks_footer_custom_js":"","_monsterinsights_skip_tracking":false,"_monsterinsights_sitenote_active":false,"_monsterinsights_sitenote_note":"","_monsterinsights_sitenote_category":0},"product_brand":[],"product_cat":[15,19,25,46],"product_tag":[57],"class_list":{"0":"post-546","1":"product","2":"type-product","3":"status-publish","4":"has-post-thumbnail","6":"product_cat-alla","7":"product_cat-cyklar","8":"product_cat-gravel-xc","9":"product_cat-adventure","10":"product_tag-adventure","12":"first","13":"instock","14":"shipping-taxable","15":"purchasable","16":"product-type-simple"},"acf":[],"yoast_head":"<!-- This site is optimized with the Yoast SEO plugin v24.1 - https:\/\/yoast.com\/wordpress\/plugins\/seo\/ -->\n<title>ADVENTURE | RACE - BCF<\/title>\n<meta name=\"robots\" content=\"index, follow, max-snippet:-1, max-image-preview:large, max-video-preview:-1\" \/>\n<link rel=\"canonical\" href=\"https:\/\/borascykelfabrik.se\/dk\/vare\/bcf-adventure-race\/\" \/>\n<meta property=\"og:locale\" content=\"da_DK\" \/>\n<meta property=\"og:type\" content=\"article\" \/>\n<meta property=\"og:title\" content=\"ADVENTURE | RACE - BCF\" \/>\n<meta property=\"og:description\" content=\"Du kan nu ha en annan cykel f\u00f6r varje underlag, profil, avst\u00e5nd \u2026 ja, praktiskt taget f\u00f6r varje dag i veckan. F\u00f6r att kunna ta dig l\u00e4ngre och ut p\u00e5 stigar och v\u00e4gar dit du inte n\u00e5r med en landsv\u00e4gscykel finns Graveln eller Cyclocrossen de dagar du inte vill ta en Mountainbike.\" \/>\n<meta property=\"og:url\" content=\"https:\/\/borascykelfabrik.se\/dk\/vare\/bcf-adventure-race\/\" \/>\n<meta property=\"og:site_name\" content=\"BCF\" \/>\n<meta property=\"article:modified_time\" content=\"2025-05-22T14:47:02+00:00\" \/>\n<meta property=\"og:image\" content=\"https:\/\/borascykelfabrik.se\/wp-content\/uploads\/2023\/09\/BCF_Adventure-LL-Highres.png\" \/>\n\t<meta property=\"og:image:width\" content=\"1920\" \/>\n\t<meta property=\"og:image:height\" content=\"1080\" \/>\n\t<meta property=\"og:image:type\" content=\"image\/png\" \/>\n<meta name=\"twitter:card\" content=\"summary_large_image\" \/>\n<meta name=\"twitter:label1\" content=\"Estimeret l\u00e6setid\" \/>\n\t<meta name=\"twitter:data1\" content=\"1 minut\" \/>\n<script type=\"application\/ld+json\" class=\"yoast-schema-graph\">{\"@context\":\"https:\/\/schema.org\",\"@graph\":[{\"@type\":\"WebPage\",\"@id\":\"https:\/\/borascykelfabrik.se\/produkt\/bcf-adventure-race\/\",\"url\":\"https:\/\/borascykelfabrik.se\/produkt\/bcf-adventure-race\/\",\"name\":\"ADVENTURE | RACE - BCF\",\"isPartOf\":{\"@id\":\"https:\/\/borascykelfabrik.se\/#website\"},\"primaryImageOfPage\":{\"@id\":\"https:\/\/borascykelfabrik.se\/produkt\/bcf-adventure-race\/#primaryimage\"},\"image\":{\"@id\":\"https:\/\/borascykelfabrik.se\/produkt\/bcf-adventure-race\/#primaryimage\"},\"thumbnailUrl\":\"https:\/\/borascykelfabrik.se\/wp-content\/uploads\/2023\/09\/BCF_Adventure-LL-Highres.png\",\"datePublished\":\"2023-09-07T14:17:48+00:00\",\"dateModified\":\"2025-05-22T14:47:02+00:00\",\"breadcrumb\":{\"@id\":\"https:\/\/borascykelfabrik.se\/produkt\/bcf-adventure-race\/#breadcrumb\"},\"inLanguage\":\"da-DK\",\"potentialAction\":[{\"@type\":\"ReadAction\",\"target\":[\"https:\/\/borascykelfabrik.se\/produkt\/bcf-adventure-race\/\"]}]},{\"@type\":\"ImageObject\",\"inLanguage\":\"da-DK\",\"@id\":\"https:\/\/borascykelfabrik.se\/produkt\/bcf-adventure-race\/#primaryimage\",\"url\":\"https:\/\/borascykelfabrik.se\/wp-content\/uploads\/2023\/09\/BCF_Adventure-LL-Highres.png\",\"contentUrl\":\"https:\/\/borascykelfabrik.se\/wp-content\/uploads\/2023\/09\/BCF_Adventure-LL-Highres.png\",\"width\":1920,\"height\":1080},{\"@type\":\"BreadcrumbList\",\"@id\":\"https:\/\/borascykelfabrik.se\/produkt\/bcf-adventure-race\/#breadcrumb\",\"itemListElement\":[{\"@type\":\"ListItem\",\"position\":1,\"name\":\"Hem\",\"item\":\"https:\/\/borascykelfabrik.se\/\"},{\"@type\":\"ListItem\",\"position\":2,\"name\":\"Shop\",\"item\":\"https:\/\/borascykelfabrik.se\/shop\/\"},{\"@type\":\"ListItem\",\"position\":3,\"name\":\"ADVENTURE | RACE\"}]},{\"@type\":\"WebSite\",\"@id\":\"https:\/\/borascykelfabrik.se\/#website\",\"url\":\"https:\/\/borascykelfabrik.se\/\",\"name\":\"BCF\",\"description\":\"more. no less.\",\"potentialAction\":[{\"@type\":\"SearchAction\",\"target\":{\"@type\":\"EntryPoint\",\"urlTemplate\":\"https:\/\/borascykelfabrik.se\/?s={search_term_string}\"},\"query-input\":{\"@type\":\"PropertyValueSpecification\",\"valueRequired\":true,\"valueName\":\"search_term_string\"}}],\"inLanguage\":\"da-DK\"}]}<\/script>\n<!-- \/ Yoast SEO plugin. -->","yoast_head_json":{"title":"ADVENTURE | RACE - BCF","robots":{"index":"index","follow":"follow","max-snippet":"max-snippet:-1","max-image-preview":"max-image-preview:large","max-video-preview":"max-video-preview:-1"},"canonical":"https:\/\/borascykelfabrik.se\/dk\/vare\/bcf-adventure-race\/","og_locale":"da_DK","og_type":"article","og_title":"ADVENTURE | RACE - BCF","og_description":"Du kan nu ha en annan cykel f\u00f6r varje underlag, profil, avst\u00e5nd \u2026 ja, praktiskt taget f\u00f6r varje dag i veckan. F\u00f6r att kunna ta dig l\u00e4ngre och ut p\u00e5 stigar och v\u00e4gar dit du inte n\u00e5r med en landsv\u00e4gscykel finns Graveln eller Cyclocrossen de dagar du inte vill ta en Mountainbike.","og_url":"https:\/\/borascykelfabrik.se\/dk\/vare\/bcf-adventure-race\/","og_site_name":"BCF","article_modified_time":"2025-05-22T14:47:02+00:00","og_image":[{"width":1920,"height":1080,"url":"https:\/\/borascykelfabrik.se\/wp-content\/uploads\/2023\/09\/BCF_Adventure-LL-Highres.png","type":"image\/png"}],"twitter_card":"summary_large_image","twitter_misc":{"Estimeret l\u00e6setid":"1 minut"},"schema":{"@context":"https:\/\/schema.org","@graph":[{"@type":"WebPage","@id":"https:\/\/borascykelfabrik.se\/produkt\/bcf-adventure-race\/","url":"https:\/\/borascykelfabrik.se\/produkt\/bcf-adventure-race\/","name":"ADVENTURE | RACE - BCF","isPartOf":{"@id":"https:\/\/borascykelfabrik.se\/#website"},"primaryImageOfPage":{"@id":"https:\/\/borascykelfabrik.se\/produkt\/bcf-adventure-race\/#primaryimage"},"image":{"@id":"https:\/\/borascykelfabrik.se\/produkt\/bcf-adventure-race\/#primaryimage"},"thumbnailUrl":"https:\/\/borascykelfabrik.se\/wp-content\/uploads\/2023\/09\/BCF_Adventure-LL-Highres.png","datePublished":"2023-09-07T14:17:48+00:00","dateModified":"2025-05-22T14:47:02+00:00","breadcrumb":{"@id":"https:\/\/borascykelfabrik.se\/produkt\/bcf-adventure-race\/#breadcrumb"},"inLanguage":"da-DK","potentialAction":[{"@type":"ReadAction","target":["https:\/\/borascykelfabrik.se\/produkt\/bcf-adventure-race\/"]}]},{"@type":"ImageObject","inLanguage":"da-DK","@id":"https:\/\/borascykelfabrik.se\/produkt\/bcf-adventure-race\/#primaryimage","url":"https:\/\/borascykelfabrik.se\/wp-content\/uploads\/2023\/09\/BCF_Adventure-LL-Highres.png","contentUrl":"https:\/\/borascykelfabrik.se\/wp-content\/uploads\/2023\/09\/BCF_Adventure-LL-Highres.png","width":1920,"height":1080},{"@type":"BreadcrumbList","@id":"https:\/\/borascykelfabrik.se\/produkt\/bcf-adventure-race\/#breadcrumb","itemListElement":[{"@type":"ListItem","position":1,"name":"Hem","item":"https:\/\/borascykelfabrik.se\/"},{"@type":"ListItem","position":2,"name":"Shop","item":"https:\/\/borascykelfabrik.se\/shop\/"},{"@type":"ListItem","position":3,"name":"ADVENTURE | RACE"}]},{"@type":"WebSite","@id":"https:\/\/borascykelfabrik.se\/#website","url":"https:\/\/borascykelfabrik.se\/","name":"BCF","description":"more. no less.","potentialAction":[{"@type":"SearchAction","target":{"@type":"EntryPoint","urlTemplate":"https:\/\/borascykelfabrik.se\/?s={search_term_string}"},"query-input":{"@type":"PropertyValueSpecification","valueRequired":true,"valueName":"search_term_string"}}],"inLanguage":"da-DK"}]}},"taxonomy_info":{"product_cat":[{"value":15,"label":"Alla produkter"},{"value":19,"label":"Cyklar"},{"value":25,"label":"GRAVEL \/ CX"},{"value":46,"label":"Adventure"}],"product_tag":[{"value":57,"label":"ADVENTURE"}]},"featured_image_src_large":["https:\/\/borascykelfabrik.se\/wp-content\/uploads\/2023\/09\/BCF_Adventure-LL-Highres-1500x844.png",1500,844,true],"author_info":[],"comment_info":"","_links":{"self":[{"href":"https:\/\/borascykelfabrik.se\/dk\/wp-json\/wp\/v2\/product\/546","targetHints":{"allow":["GET"]}}],"collection":[{"href":"https:\/\/borascykelfabrik.se\/dk\/wp-json\/wp\/v2\/product"}],"about":[{"href":"https:\/\/borascykelfabrik.se\/dk\/wp-json\/wp\/v2\/types\/product"}],"wp:featuredmedia":[{"embeddable":true,"href":"https:\/\/borascykelfabrik.se\/dk\/wp-json\/wp\/v2\/media\/4283"}],"wp:attachment":[{"href":"https:\/\/borascykelfabrik.se\/dk\/wp-json\/wp\/v2\/media?parent=546"}],"wp:term":[{"taxonomy":"product_brand","embeddable":true,"href":"https:\/\/borascykelfabrik.se\/dk\/wp-json\/wp\/v2\/product_brand?post=546"},{"taxonomy":"product_cat","embeddable":true,"href":"https:\/\/borascykelfabrik.se\/dk\/wp-json\/wp\/v2\/product_cat?post=546"},{"taxonomy":"product_tag","embeddable":true,"href":"https:\/\/borascykelfabrik.se\/dk\/wp-json\/wp\/v2\/product_tag?post=546"}],"curies":[{"name":"wp","href":"https:\/\/api.w.org\/{rel}","templated":true}]}}