{"id":564,"date":"2023-09-08T18:42:08","date_gmt":"2023-09-08T18:42:08","guid":{"rendered":"https:\/\/borascykelfabrik.se\/?post_type=product&#038;p=564"},"modified":"2025-11-17T08:54:54","modified_gmt":"2025-11-17T08:54:54","slug":"bcf-landsvag-aero-disc-sport","status":"publish","type":"product","link":"https:\/\/borascykelfabrik.se\/dk\/vare\/bcf-landsvag-aero-disc-sport\/","title":{"rendered":"AERO DISC | SPORT"},"content":{"rendered":"<p><em>&quot;For dem, der vil tr\u00e6de ind i landevejscyklingens verden med fart og stil. Aero Disc SPORT er bygget p\u00e5 den samme aerodynamiske ramme som vores mere avancerede RACE- og PRO-modeller \u2013 men til en pris og med specifikationer, der giver dig mulighed for at komme videre uden kompromis. Perfekt til den ambiti\u00f8se begynder, der \u00f8nsker at opleve, hvad \u00e6gte pr\u00e6station kan give.&quot;<\/em><\/p>","protected":false},"excerpt":{"rendered":"<p><em>&quot;For dem, der vil tr\u00e6de ind i landevejscyklingens verden med fart og stil. Aero Disc SPORT er bygget p\u00e5 den samme aerodynamiske ramme som vores mere avancerede RACE- og PRO-modeller \u2013 men til en pris og med specifikationer, der giver dig mulighed for at komme videre uden kompromis. Perfekt til den ambiti\u00f8se begynder, der \u00f8nsker at opleve, hvad \u00e6gte pr\u00e6station kan give.&quot;<\/em><\/p>","protected":false},"featured_media":4163,"template":"","meta":{"_acf_changed":false,"inline_featured_image":false,"_kad_blocks_custom_css":"","_kad_blocks_head_custom_js":"","_kad_blocks_body_custom_js":"","_kad_blocks_footer_custom_js":"","_monsterinsights_skip_tracking":false,"_monsterinsights_sitenote_active":false,"_monsterinsights_sitenote_note":"","_monsterinsights_sitenote_category":0},"product_brand":[],"product_cat":[15,19,24,41],"product_tag":[59],"class_list":{"0":"post-564","1":"product","2":"type-product","3":"status-publish","4":"has-post-thumbnail","6":"product_cat-alla","7":"product_cat-cyklar","8":"product_cat-landsvag","9":"product_cat-aero-disc","10":"product_tag-aero-disc","12":"first","13":"instock","14":"shipping-taxable","15":"purchasable","16":"product-type-simple"},"acf":[],"yoast_head":"<!-- This site is optimized with the Yoast SEO plugin v24.1 - https:\/\/yoast.com\/wordpress\/plugins\/seo\/ -->\n<title>AERO DISC | SPORT - BCF<\/title>\n<meta name=\"robots\" content=\"index, follow, max-snippet:-1, max-image-preview:large, max-video-preview:-1\" \/>\n<link rel=\"canonical\" href=\"https:\/\/borascykelfabrik.se\/dk\/vare\/bcf-landsvag-aero-disc-sport\/\" \/>\n<meta property=\"og:locale\" content=\"da_DK\" \/>\n<meta property=\"og:type\" content=\"article\" \/>\n<meta property=\"og:title\" content=\"AERO DISC | SPORT - BCF\" \/>\n<meta property=\"og:description\" content=\"\u201cF\u00f6r dig som vill kliva in i landsv\u00e4gscyklingens v\u00e4rld med fart och stil. Aero Disc SPORT bygger p\u00e5 samma aerodynamiska ram som v\u00e5ra h\u00f6gre modeller RACE och PRO - men till ett pris och med en spec som g\u00f6r att du kan utvecklas utan kompromisser. Perfekt f\u00f6r den ambiti\u00f6sa nyb\u00f6rjaren som vill k\u00e4nna p\u00e5 vad riktig prestanda kan ge.\u201d\" \/>\n<meta property=\"og:url\" content=\"https:\/\/borascykelfabrik.se\/dk\/vare\/bcf-landsvag-aero-disc-sport\/\" \/>\n<meta property=\"og:site_name\" content=\"BCF\" \/>\n<meta property=\"article:modified_time\" content=\"2025-11-17T08:54:54+00:00\" \/>\n<meta property=\"og:image\" content=\"https:\/\/borascykelfabrik.se\/wp-content\/uploads\/2023\/09\/Studio-Aero-1-2-RESIZE.png\" \/>\n\t<meta property=\"og:image:width\" content=\"1171\" \/>\n\t<meta property=\"og:image:height\" content=\"780\" \/>\n\t<meta property=\"og:image:type\" content=\"image\/png\" \/>\n<meta name=\"twitter:card\" content=\"summary_large_image\" \/>\n<meta name=\"twitter:label1\" content=\"Estimeret l\u00e6setid\" \/>\n\t<meta name=\"twitter:data1\" content=\"1 minut\" \/>\n<script type=\"application\/ld+json\" class=\"yoast-schema-graph\">{\"@context\":\"https:\/\/schema.org\",\"@graph\":[{\"@type\":\"WebPage\",\"@id\":\"https:\/\/borascykelfabrik.se\/produkt\/bcf-landsvag-aero-disc-sport\/\",\"url\":\"https:\/\/borascykelfabrik.se\/produkt\/bcf-landsvag-aero-disc-sport\/\",\"name\":\"AERO DISC | SPORT - BCF\",\"isPartOf\":{\"@id\":\"https:\/\/borascykelfabrik.se\/#website\"},\"primaryImageOfPage\":{\"@id\":\"https:\/\/borascykelfabrik.se\/produkt\/bcf-landsvag-aero-disc-sport\/#primaryimage\"},\"image\":{\"@id\":\"https:\/\/borascykelfabrik.se\/produkt\/bcf-landsvag-aero-disc-sport\/#primaryimage\"},\"thumbnailUrl\":\"https:\/\/borascykelfabrik.se\/wp-content\/uploads\/2023\/09\/Studio-Aero-1-2-RESIZE.png\",\"datePublished\":\"2023-09-08T18:42:08+00:00\",\"dateModified\":\"2025-11-17T08:54:54+00:00\",\"breadcrumb\":{\"@id\":\"https:\/\/borascykelfabrik.se\/produkt\/bcf-landsvag-aero-disc-sport\/#breadcrumb\"},\"inLanguage\":\"da-DK\",\"potentialAction\":[{\"@type\":\"ReadAction\",\"target\":[\"https:\/\/borascykelfabrik.se\/produkt\/bcf-landsvag-aero-disc-sport\/\"]}]},{\"@type\":\"ImageObject\",\"inLanguage\":\"da-DK\",\"@id\":\"https:\/\/borascykelfabrik.se\/produkt\/bcf-landsvag-aero-disc-sport\/#primaryimage\",\"url\":\"https:\/\/borascykelfabrik.se\/wp-content\/uploads\/2023\/09\/Studio-Aero-1-2-RESIZE.png\",\"contentUrl\":\"https:\/\/borascykelfabrik.se\/wp-content\/uploads\/2023\/09\/Studio-Aero-1-2-RESIZE.png\",\"width\":1171,\"height\":780},{\"@type\":\"BreadcrumbList\",\"@id\":\"https:\/\/borascykelfabrik.se\/produkt\/bcf-landsvag-aero-disc-sport\/#breadcrumb\",\"itemListElement\":[{\"@type\":\"ListItem\",\"position\":1,\"name\":\"Hem\",\"item\":\"https:\/\/borascykelfabrik.se\/\"},{\"@type\":\"ListItem\",\"position\":2,\"name\":\"Shop\",\"item\":\"https:\/\/borascykelfabrik.se\/shop\/\"},{\"@type\":\"ListItem\",\"position\":3,\"name\":\"AERO DISC | SPORT\"}]},{\"@type\":\"WebSite\",\"@id\":\"https:\/\/borascykelfabrik.se\/#website\",\"url\":\"https:\/\/borascykelfabrik.se\/\",\"name\":\"BCF\",\"description\":\"more. no less.\",\"potentialAction\":[{\"@type\":\"SearchAction\",\"target\":{\"@type\":\"EntryPoint\",\"urlTemplate\":\"https:\/\/borascykelfabrik.se\/?s={search_term_string}\"},\"query-input\":{\"@type\":\"PropertyValueSpecification\",\"valueRequired\":true,\"valueName\":\"search_term_string\"}}],\"inLanguage\":\"da-DK\"}]}<\/script>\n<!-- \/ Yoast SEO plugin. -->","yoast_head_json":{"title":"AERO DISC | SPORT - BCF","robots":{"index":"index","follow":"follow","max-snippet":"max-snippet:-1","max-image-preview":"max-image-preview:large","max-video-preview":"max-video-preview:-1"},"canonical":"https:\/\/borascykelfabrik.se\/dk\/vare\/bcf-landsvag-aero-disc-sport\/","og_locale":"da_DK","og_type":"article","og_title":"AERO DISC | SPORT - BCF","og_description":"\u201cF\u00f6r dig som vill kliva in i landsv\u00e4gscyklingens v\u00e4rld med fart och stil. Aero Disc SPORT bygger p\u00e5 samma aerodynamiska ram som v\u00e5ra h\u00f6gre modeller RACE och PRO - men till ett pris och med en spec som g\u00f6r att du kan utvecklas utan kompromisser. Perfekt f\u00f6r den ambiti\u00f6sa nyb\u00f6rjaren som vill k\u00e4nna p\u00e5 vad riktig prestanda kan ge.\u201d","og_url":"https:\/\/borascykelfabrik.se\/dk\/vare\/bcf-landsvag-aero-disc-sport\/","og_site_name":"BCF","article_modified_time":"2025-11-17T08:54:54+00:00","og_image":[{"width":1171,"height":780,"url":"https:\/\/borascykelfabrik.se\/wp-content\/uploads\/2023\/09\/Studio-Aero-1-2-RESIZE.png","type":"image\/png"}],"twitter_card":"summary_large_image","twitter_misc":{"Estimeret l\u00e6setid":"1 minut"},"schema":{"@context":"https:\/\/schema.org","@graph":[{"@type":"WebPage","@id":"https:\/\/borascykelfabrik.se\/produkt\/bcf-landsvag-aero-disc-sport\/","url":"https:\/\/borascykelfabrik.se\/produkt\/bcf-landsvag-aero-disc-sport\/","name":"AERO DISC | SPORT - BCF","isPartOf":{"@id":"https:\/\/borascykelfabrik.se\/#website"},"primaryImageOfPage":{"@id":"https:\/\/borascykelfabrik.se\/produkt\/bcf-landsvag-aero-disc-sport\/#primaryimage"},"image":{"@id":"https:\/\/borascykelfabrik.se\/produkt\/bcf-landsvag-aero-disc-sport\/#primaryimage"},"thumbnailUrl":"https:\/\/borascykelfabrik.se\/wp-content\/uploads\/2023\/09\/Studio-Aero-1-2-RESIZE.png","datePublished":"2023-09-08T18:42:08+00:00","dateModified":"2025-11-17T08:54:54+00:00","breadcrumb":{"@id":"https:\/\/borascykelfabrik.se\/produkt\/bcf-landsvag-aero-disc-sport\/#breadcrumb"},"inLanguage":"da-DK","potentialAction":[{"@type":"ReadAction","target":["https:\/\/borascykelfabrik.se\/produkt\/bcf-landsvag-aero-disc-sport\/"]}]},{"@type":"ImageObject","inLanguage":"da-DK","@id":"https:\/\/borascykelfabrik.se\/produkt\/bcf-landsvag-aero-disc-sport\/#primaryimage","url":"https:\/\/borascykelfabrik.se\/wp-content\/uploads\/2023\/09\/Studio-Aero-1-2-RESIZE.png","contentUrl":"https:\/\/borascykelfabrik.se\/wp-content\/uploads\/2023\/09\/Studio-Aero-1-2-RESIZE.png","width":1171,"height":780},{"@type":"BreadcrumbList","@id":"https:\/\/borascykelfabrik.se\/produkt\/bcf-landsvag-aero-disc-sport\/#breadcrumb","itemListElement":[{"@type":"ListItem","position":1,"name":"Hem","item":"https:\/\/borascykelfabrik.se\/"},{"@type":"ListItem","position":2,"name":"Shop","item":"https:\/\/borascykelfabrik.se\/shop\/"},{"@type":"ListItem","position":3,"name":"AERO DISC | SPORT"}]},{"@type":"WebSite","@id":"https:\/\/borascykelfabrik.se\/#website","url":"https:\/\/borascykelfabrik.se\/","name":"BCF","description":"more. no less.","potentialAction":[{"@type":"SearchAction","target":{"@type":"EntryPoint","urlTemplate":"https:\/\/borascykelfabrik.se\/?s={search_term_string}"},"query-input":{"@type":"PropertyValueSpecification","valueRequired":true,"valueName":"search_term_string"}}],"inLanguage":"da-DK"}]}},"taxonomy_info":{"product_cat":[{"value":15,"label":"Alla produkter"},{"value":19,"label":"Cyklar"},{"value":24,"label":"Landsv\u00e4g"},{"value":41,"label":"AERO DISC"}],"product_tag":[{"value":59,"label":"AERO DISC"}]},"featured_image_src_large":["https:\/\/borascykelfabrik.se\/wp-content\/uploads\/2023\/09\/Studio-Aero-1-2-RESIZE.png",1171,780,false],"author_info":[],"comment_info":"","_links":{"self":[{"href":"https:\/\/borascykelfabrik.se\/dk\/wp-json\/wp\/v2\/product\/564","targetHints":{"allow":["GET"]}}],"collection":[{"href":"https:\/\/borascykelfabrik.se\/dk\/wp-json\/wp\/v2\/product"}],"about":[{"href":"https:\/\/borascykelfabrik.se\/dk\/wp-json\/wp\/v2\/types\/product"}],"wp:featuredmedia":[{"embeddable":true,"href":"https:\/\/borascykelfabrik.se\/dk\/wp-json\/wp\/v2\/media\/4163"}],"wp:attachment":[{"href":"https:\/\/borascykelfabrik.se\/dk\/wp-json\/wp\/v2\/media?parent=564"}],"wp:term":[{"taxonomy":"product_brand","embeddable":true,"href":"https:\/\/borascykelfabrik.se\/dk\/wp-json\/wp\/v2\/product_brand?post=564"},{"taxonomy":"product_cat","embeddable":true,"href":"https:\/\/borascykelfabrik.se\/dk\/wp-json\/wp\/v2\/product_cat?post=564"},{"taxonomy":"product_tag","embeddable":true,"href":"https:\/\/borascykelfabrik.se\/dk\/wp-json\/wp\/v2\/product_tag?post=564"}],"curies":[{"name":"wp","href":"https:\/\/api.w.org\/{rel}","templated":true}]}}