{"id":568,"date":"2023-09-08T18:53:24","date_gmt":"2023-09-08T18:53:24","guid":{"rendered":"https:\/\/borascykelfabrik.se\/?post_type=product&#038;p=568"},"modified":"2026-04-28T13:10:01","modified_gmt":"2026-04-28T13:10:01","slug":"bcf-landsvag-aero-disc-race","status":"publish","type":"product","link":"https:\/\/borascykelfabrik.se\/dk\/vare\/bcf-landsvag-aero-disc-race\/","title":{"rendered":"AERO DISC | RACE"},"content":{"rendered":"<p style=\"text-align: left;\"><em>&quot;Aero Disc RACE er designet til ryttere, der leder efter en hurtig, pr\u00e6cis og p\u00e5lidelig aerocykel til b\u00e5de tr\u00e6ning og h\u00e5rde sessioner. Udstyret med carbonhjul fra K Components og SRAM Force giver den en direkte, stabil og selvsikker fornemmelse p\u00e5 vejen. En cykel, der inviterer dig til at k\u00f8re hurtigere \u2013 og g\u00f8r det nemt at forts\u00e6tte med at forbedre dig.&quot;<\/em><\/p>","protected":false},"excerpt":{"rendered":"<p><em>&quot;Aero Disc RACE er designet til ryttere, der leder efter en hurtig, pr\u00e6cis og p\u00e5lidelig aerocykel til b\u00e5de tr\u00e6ning og h\u00e5rde sessioner. Udstyret med carbonhjul fra K Components og SRAM Force giver den en direkte, stabil og selvsikker fornemmelse p\u00e5 vejen. En cykel, der inviterer dig til at k\u00f8re hurtigere \u2013 og g\u00f8r det nemt at forts\u00e6tte med at forbedre dig.&quot;<\/em><\/p>","protected":false},"featured_media":4163,"template":"","meta":{"_acf_changed":false,"inline_featured_image":false,"_kad_blocks_custom_css":"","_kad_blocks_head_custom_js":"","_kad_blocks_body_custom_js":"","_kad_blocks_footer_custom_js":"","_monsterinsights_skip_tracking":false,"_monsterinsights_sitenote_active":false,"_monsterinsights_sitenote_note":"","_monsterinsights_sitenote_category":0},"product_brand":[],"product_cat":[15,19,24,41],"product_tag":[59],"class_list":{"0":"post-568","1":"product","2":"type-product","3":"status-publish","4":"has-post-thumbnail","6":"product_cat-alla","7":"product_cat-cyklar","8":"product_cat-landsvag","9":"product_cat-aero-disc","10":"product_tag-aero-disc","12":"first","13":"instock","14":"shipping-taxable","15":"purchasable","16":"product-type-simple"},"acf":[],"yoast_head":"<!-- This site is optimized with the Yoast SEO plugin v24.1 - https:\/\/yoast.com\/wordpress\/plugins\/seo\/ -->\n<title>AERO DISC | RACE - BCF<\/title>\n<meta name=\"robots\" content=\"index, follow, max-snippet:-1, max-image-preview:large, max-video-preview:-1\" \/>\n<link rel=\"canonical\" href=\"https:\/\/borascykelfabrik.se\/dk\/vare\/bcf-landsvag-aero-disc-race\/\" \/>\n<meta property=\"og:locale\" content=\"da_DK\" \/>\n<meta property=\"og:type\" content=\"article\" \/>\n<meta property=\"og:title\" content=\"AERO DISC | RACE - BCF\" \/>\n<meta property=\"og:description\" content=\"\u201cAero Disc RACE \u00e4r skapad f\u00f6r cyklister som s\u00f6ker en snabb, exakt och p\u00e5litlig aero\u00adcykel f\u00f6r b\u00e5de tr\u00e4ning och h\u00e5rda pass. Utrustad med kolfiberhjul fr\u00e5n K Components och SRAM Force levererar den en direkt, stabil och sj\u00e4lvs\u00e4ker k\u00e4nsla p\u00e5 v\u00e4gen. En cykel som bjuder in till mer fart \u2013 och g\u00f6r det enkelt att forts\u00e4tta utvecklas.\u201d\" \/>\n<meta property=\"og:url\" content=\"https:\/\/borascykelfabrik.se\/dk\/vare\/bcf-landsvag-aero-disc-race\/\" \/>\n<meta property=\"og:site_name\" content=\"BCF\" \/>\n<meta property=\"article:modified_time\" content=\"2026-04-28T13:10:01+00:00\" \/>\n<meta property=\"og:image\" content=\"https:\/\/borascykelfabrik.se\/wp-content\/uploads\/2023\/09\/Studio-Aero-1-2-RESIZE.png\" \/>\n\t<meta property=\"og:image:width\" content=\"1171\" \/>\n\t<meta property=\"og:image:height\" content=\"780\" \/>\n\t<meta property=\"og:image:type\" content=\"image\/png\" \/>\n<meta name=\"twitter:card\" content=\"summary_large_image\" \/>\n<meta name=\"twitter:label1\" content=\"Estimeret l\u00e6setid\" \/>\n\t<meta name=\"twitter:data1\" content=\"1 minut\" \/>\n<script type=\"application\/ld+json\" class=\"yoast-schema-graph\">{\"@context\":\"https:\/\/schema.org\",\"@graph\":[{\"@type\":\"WebPage\",\"@id\":\"https:\/\/borascykelfabrik.se\/produkt\/bcf-landsvag-aero-disc-race\/\",\"url\":\"https:\/\/borascykelfabrik.se\/produkt\/bcf-landsvag-aero-disc-race\/\",\"name\":\"AERO DISC | RACE - BCF\",\"isPartOf\":{\"@id\":\"https:\/\/borascykelfabrik.se\/#website\"},\"primaryImageOfPage\":{\"@id\":\"https:\/\/borascykelfabrik.se\/produkt\/bcf-landsvag-aero-disc-race\/#primaryimage\"},\"image\":{\"@id\":\"https:\/\/borascykelfabrik.se\/produkt\/bcf-landsvag-aero-disc-race\/#primaryimage\"},\"thumbnailUrl\":\"https:\/\/borascykelfabrik.se\/wp-content\/uploads\/2023\/09\/Studio-Aero-1-2-RESIZE.png\",\"datePublished\":\"2023-09-08T18:53:24+00:00\",\"dateModified\":\"2026-04-28T13:10:01+00:00\",\"breadcrumb\":{\"@id\":\"https:\/\/borascykelfabrik.se\/produkt\/bcf-landsvag-aero-disc-race\/#breadcrumb\"},\"inLanguage\":\"da-DK\",\"potentialAction\":[{\"@type\":\"ReadAction\",\"target\":[\"https:\/\/borascykelfabrik.se\/produkt\/bcf-landsvag-aero-disc-race\/\"]}]},{\"@type\":\"ImageObject\",\"inLanguage\":\"da-DK\",\"@id\":\"https:\/\/borascykelfabrik.se\/produkt\/bcf-landsvag-aero-disc-race\/#primaryimage\",\"url\":\"https:\/\/borascykelfabrik.se\/wp-content\/uploads\/2023\/09\/Studio-Aero-1-2-RESIZE.png\",\"contentUrl\":\"https:\/\/borascykelfabrik.se\/wp-content\/uploads\/2023\/09\/Studio-Aero-1-2-RESIZE.png\",\"width\":1171,\"height\":780},{\"@type\":\"BreadcrumbList\",\"@id\":\"https:\/\/borascykelfabrik.se\/produkt\/bcf-landsvag-aero-disc-race\/#breadcrumb\",\"itemListElement\":[{\"@type\":\"ListItem\",\"position\":1,\"name\":\"Hem\",\"item\":\"https:\/\/borascykelfabrik.se\/\"},{\"@type\":\"ListItem\",\"position\":2,\"name\":\"Shop\",\"item\":\"https:\/\/borascykelfabrik.se\/shop\/\"},{\"@type\":\"ListItem\",\"position\":3,\"name\":\"AERO DISC | RACE\"}]},{\"@type\":\"WebSite\",\"@id\":\"https:\/\/borascykelfabrik.se\/#website\",\"url\":\"https:\/\/borascykelfabrik.se\/\",\"name\":\"BCF\",\"description\":\"more. no less.\",\"potentialAction\":[{\"@type\":\"SearchAction\",\"target\":{\"@type\":\"EntryPoint\",\"urlTemplate\":\"https:\/\/borascykelfabrik.se\/?s={search_term_string}\"},\"query-input\":{\"@type\":\"PropertyValueSpecification\",\"valueRequired\":true,\"valueName\":\"search_term_string\"}}],\"inLanguage\":\"da-DK\"}]}<\/script>\n<!-- \/ Yoast SEO plugin. -->","yoast_head_json":{"title":"AERO DISC | RACE - BCF","robots":{"index":"index","follow":"follow","max-snippet":"max-snippet:-1","max-image-preview":"max-image-preview:large","max-video-preview":"max-video-preview:-1"},"canonical":"https:\/\/borascykelfabrik.se\/dk\/vare\/bcf-landsvag-aero-disc-race\/","og_locale":"da_DK","og_type":"article","og_title":"AERO DISC | RACE - BCF","og_description":"\u201cAero Disc RACE \u00e4r skapad f\u00f6r cyklister som s\u00f6ker en snabb, exakt och p\u00e5litlig aero\u00adcykel f\u00f6r b\u00e5de tr\u00e4ning och h\u00e5rda pass. Utrustad med kolfiberhjul fr\u00e5n K Components och SRAM Force levererar den en direkt, stabil och sj\u00e4lvs\u00e4ker k\u00e4nsla p\u00e5 v\u00e4gen. En cykel som bjuder in till mer fart \u2013 och g\u00f6r det enkelt att forts\u00e4tta utvecklas.\u201d","og_url":"https:\/\/borascykelfabrik.se\/dk\/vare\/bcf-landsvag-aero-disc-race\/","og_site_name":"BCF","article_modified_time":"2026-04-28T13:10:01+00:00","og_image":[{"width":1171,"height":780,"url":"https:\/\/borascykelfabrik.se\/wp-content\/uploads\/2023\/09\/Studio-Aero-1-2-RESIZE.png","type":"image\/png"}],"twitter_card":"summary_large_image","twitter_misc":{"Estimeret l\u00e6setid":"1 minut"},"schema":{"@context":"https:\/\/schema.org","@graph":[{"@type":"WebPage","@id":"https:\/\/borascykelfabrik.se\/produkt\/bcf-landsvag-aero-disc-race\/","url":"https:\/\/borascykelfabrik.se\/produkt\/bcf-landsvag-aero-disc-race\/","name":"AERO DISC | RACE - BCF","isPartOf":{"@id":"https:\/\/borascykelfabrik.se\/#website"},"primaryImageOfPage":{"@id":"https:\/\/borascykelfabrik.se\/produkt\/bcf-landsvag-aero-disc-race\/#primaryimage"},"image":{"@id":"https:\/\/borascykelfabrik.se\/produkt\/bcf-landsvag-aero-disc-race\/#primaryimage"},"thumbnailUrl":"https:\/\/borascykelfabrik.se\/wp-content\/uploads\/2023\/09\/Studio-Aero-1-2-RESIZE.png","datePublished":"2023-09-08T18:53:24+00:00","dateModified":"2026-04-28T13:10:01+00:00","breadcrumb":{"@id":"https:\/\/borascykelfabrik.se\/produkt\/bcf-landsvag-aero-disc-race\/#breadcrumb"},"inLanguage":"da-DK","potentialAction":[{"@type":"ReadAction","target":["https:\/\/borascykelfabrik.se\/produkt\/bcf-landsvag-aero-disc-race\/"]}]},{"@type":"ImageObject","inLanguage":"da-DK","@id":"https:\/\/borascykelfabrik.se\/produkt\/bcf-landsvag-aero-disc-race\/#primaryimage","url":"https:\/\/borascykelfabrik.se\/wp-content\/uploads\/2023\/09\/Studio-Aero-1-2-RESIZE.png","contentUrl":"https:\/\/borascykelfabrik.se\/wp-content\/uploads\/2023\/09\/Studio-Aero-1-2-RESIZE.png","width":1171,"height":780},{"@type":"BreadcrumbList","@id":"https:\/\/borascykelfabrik.se\/produkt\/bcf-landsvag-aero-disc-race\/#breadcrumb","itemListElement":[{"@type":"ListItem","position":1,"name":"Hem","item":"https:\/\/borascykelfabrik.se\/"},{"@type":"ListItem","position":2,"name":"Shop","item":"https:\/\/borascykelfabrik.se\/shop\/"},{"@type":"ListItem","position":3,"name":"AERO DISC | RACE"}]},{"@type":"WebSite","@id":"https:\/\/borascykelfabrik.se\/#website","url":"https:\/\/borascykelfabrik.se\/","name":"BCF","description":"more. no less.","potentialAction":[{"@type":"SearchAction","target":{"@type":"EntryPoint","urlTemplate":"https:\/\/borascykelfabrik.se\/?s={search_term_string}"},"query-input":{"@type":"PropertyValueSpecification","valueRequired":true,"valueName":"search_term_string"}}],"inLanguage":"da-DK"}]}},"taxonomy_info":{"product_cat":[{"value":15,"label":"Alla produkter"},{"value":19,"label":"Cyklar"},{"value":24,"label":"Landsv\u00e4g"},{"value":41,"label":"AERO DISC"}],"product_tag":[{"value":59,"label":"AERO DISC"}]},"featured_image_src_large":["https:\/\/borascykelfabrik.se\/wp-content\/uploads\/2023\/09\/Studio-Aero-1-2-RESIZE.png",1171,780,false],"author_info":[],"comment_info":"","_links":{"self":[{"href":"https:\/\/borascykelfabrik.se\/dk\/wp-json\/wp\/v2\/product\/568","targetHints":{"allow":["GET"]}}],"collection":[{"href":"https:\/\/borascykelfabrik.se\/dk\/wp-json\/wp\/v2\/product"}],"about":[{"href":"https:\/\/borascykelfabrik.se\/dk\/wp-json\/wp\/v2\/types\/product"}],"wp:featuredmedia":[{"embeddable":true,"href":"https:\/\/borascykelfabrik.se\/dk\/wp-json\/wp\/v2\/media\/4163"}],"wp:attachment":[{"href":"https:\/\/borascykelfabrik.se\/dk\/wp-json\/wp\/v2\/media?parent=568"}],"wp:term":[{"taxonomy":"product_brand","embeddable":true,"href":"https:\/\/borascykelfabrik.se\/dk\/wp-json\/wp\/v2\/product_brand?post=568"},{"taxonomy":"product_cat","embeddable":true,"href":"https:\/\/borascykelfabrik.se\/dk\/wp-json\/wp\/v2\/product_cat?post=568"},{"taxonomy":"product_tag","embeddable":true,"href":"https:\/\/borascykelfabrik.se\/dk\/wp-json\/wp\/v2\/product_tag?post=568"}],"curies":[{"name":"wp","href":"https:\/\/api.w.org\/{rel}","templated":true}]}}