{"id":907,"date":"2023-09-28T10:13:14","date_gmt":"2023-09-28T10:13:14","guid":{"rendered":"https:\/\/borascykelfabrik.se\/?post_type=product&#038;p=907"},"modified":"2026-03-26T08:43:26","modified_gmt":"2026-03-26T08:43:26","slug":"bcf-landsvag-light-disc-sport","status":"publish","type":"product","link":"https:\/\/borascykelfabrik.se\/dk\/vare\/bcf-landsvag-light-disc-sport\/","title":{"rendered":"LIGHT DISC | SPORT"},"content":{"rendered":"<p data-start=\"0\" data-end=\"266\">Light Sport er modellen for dem, der \u00f8nsker en let, hurtig og rendyrket racercykel med en klar pr\u00e6stationsfornemmelse \u2013 i en mere tilg\u00e6ngelig pakke. Den lave v\u00e6gt giver en direkte og responsiv fornemmelse, uanset om det er klatring eller h\u00f8j hastighed p\u00e5 fladt terr\u00e6n.<\/p>\n<p data-start=\"268\" data-end=\"444\">Platformen har plads til d\u00e6k op til 35 mm, hvilket giver ekstra komfort og udvider brugsomr\u00e5det p\u00e5 d\u00e5rligere asfalt og lettere grus \u2013 uden at miste f\u00f8lelsen af en hurtig landevejscykel.<\/p>\n<p data-start=\"446\" data-end=\"570\" data-is-last-node=\"\" data-is-only-node=\"\">Ligesom alle vores cykler samles Light Sport i h\u00e5nden i Bor\u00e5s med fokus p\u00e5 integritet, balance og k\u00f8refornemmelse i hver eneste detalje.<\/p>","protected":false},"excerpt":{"rendered":"<p data-start=\"0\" data-end=\"266\">Light Sport er modellen for dem, der \u00f8nsker en let, hurtig og rendyrket racercykel med en klar pr\u00e6stationsfornemmelse \u2013 i en mere tilg\u00e6ngelig pakke. Den lave v\u00e6gt giver en direkte og responsiv fornemmelse, uanset om det er klatring eller h\u00f8j hastighed p\u00e5 fladt terr\u00e6n.<\/p>\n<p data-start=\"268\" data-end=\"444\">Platformen har plads til d\u00e6k op til 35 mm, hvilket giver ekstra komfort og udvider brugsomr\u00e5det p\u00e5 d\u00e5rligere asfalt og lettere grus \u2013 uden at miste f\u00f8lelsen af en hurtig landevejscykel.<\/p>\n<p data-start=\"446\" data-end=\"570\" data-is-last-node=\"\" data-is-only-node=\"\">Ligesom alle vores cykler samles Light Sport i h\u00e5nden i Bor\u00e5s med fokus p\u00e5 integritet, balance og k\u00f8refornemmelse i hver eneste detalje.<\/p>","protected":false},"featured_media":3986,"template":"","meta":{"_acf_changed":false,"inline_featured_image":false,"_kad_blocks_custom_css":"","_kad_blocks_head_custom_js":"","_kad_blocks_body_custom_js":"","_kad_blocks_footer_custom_js":"","_monsterinsights_skip_tracking":false,"_monsterinsights_sitenote_active":false,"_monsterinsights_sitenote_note":"","_monsterinsights_sitenote_category":0},"product_brand":[],"product_cat":[15,19,24,45],"product_tag":[69],"class_list":{"0":"post-907","1":"product","2":"type-product","3":"status-publish","4":"has-post-thumbnail","6":"product_cat-alla","7":"product_cat-cyklar","8":"product_cat-landsvag","9":"product_cat-light-disc","10":"product_tag-light-disc","12":"first","13":"instock","14":"shipping-taxable","15":"purchasable","16":"product-type-simple"},"acf":[],"yoast_head":"<!-- This site is optimized with the Yoast SEO plugin v24.1 - https:\/\/yoast.com\/wordpress\/plugins\/seo\/ -->\n<title>LIGHT DISC | SPORT - BCF<\/title>\n<meta name=\"robots\" content=\"index, follow, max-snippet:-1, max-image-preview:large, max-video-preview:-1\" \/>\n<link rel=\"canonical\" href=\"https:\/\/borascykelfabrik.se\/dk\/vare\/bcf-landsvag-light-disc-sport\/\" \/>\n<meta property=\"og:locale\" content=\"da_DK\" \/>\n<meta property=\"og:type\" content=\"article\" \/>\n<meta property=\"og:title\" content=\"LIGHT DISC | SPORT - BCF\" \/>\n<meta property=\"og:description\" content=\"Light Sport \u00e4r modellen f\u00f6r dig som vill ha en l\u00e4tt, snabb och renodlad landsv\u00e4gscykel med tydlig prestandak\u00e4nsla \u2013 i en mer tillg\u00e4nglig upps\u00e4ttning. Den l\u00e5ga vikten ger en direkt och responsiv k\u00e4nsla, oavsett om det handlar om kl\u00e4ttringar eller h\u00f6g fart p\u00e5 platten. Plattformen rymmer upp till 35 mm d\u00e4ck, vilket ger extra komfort och breddar anv\u00e4ndningen mot s\u00e4mre asfalt och l\u00e4ttare grus \u2013 utan att tappa k\u00e4nslan av en snabb landsv\u00e4gscykel. Precis som alla v\u00e5ra cyklar monteras Light Sport f\u00f6r hand i Bor\u00e5s, med fokus p\u00e5 helhet, balans och k\u00f6rk\u00e4nsla i varje detalj.\" \/>\n<meta property=\"og:url\" content=\"https:\/\/borascykelfabrik.se\/dk\/vare\/bcf-landsvag-light-disc-sport\/\" \/>\n<meta property=\"og:site_name\" content=\"BCF\" \/>\n<meta property=\"article:modified_time\" content=\"2026-03-26T08:43:26+00:00\" \/>\n<meta property=\"og:image\" content=\"https:\/\/borascykelfabrik.se\/wp-content\/uploads\/2023\/09\/Light_disc_Studio-RESIZE.png\" \/>\n\t<meta property=\"og:image:width\" content=\"1173\" \/>\n\t<meta property=\"og:image:height\" content=\"782\" \/>\n\t<meta property=\"og:image:type\" content=\"image\/png\" \/>\n<meta name=\"twitter:card\" content=\"summary_large_image\" \/>\n<meta name=\"twitter:label1\" content=\"Estimeret l\u00e6setid\" \/>\n\t<meta name=\"twitter:data1\" content=\"1 minut\" \/>\n<script type=\"application\/ld+json\" class=\"yoast-schema-graph\">{\"@context\":\"https:\/\/schema.org\",\"@graph\":[{\"@type\":\"WebPage\",\"@id\":\"https:\/\/borascykelfabrik.se\/produkt\/bcf-landsvag-light-disc-sport\/\",\"url\":\"https:\/\/borascykelfabrik.se\/produkt\/bcf-landsvag-light-disc-sport\/\",\"name\":\"LIGHT DISC | SPORT - BCF\",\"isPartOf\":{\"@id\":\"https:\/\/borascykelfabrik.se\/#website\"},\"primaryImageOfPage\":{\"@id\":\"https:\/\/borascykelfabrik.se\/produkt\/bcf-landsvag-light-disc-sport\/#primaryimage\"},\"image\":{\"@id\":\"https:\/\/borascykelfabrik.se\/produkt\/bcf-landsvag-light-disc-sport\/#primaryimage\"},\"thumbnailUrl\":\"https:\/\/borascykelfabrik.se\/wp-content\/uploads\/2023\/09\/Light_disc_Studio-RESIZE.png\",\"datePublished\":\"2023-09-28T10:13:14+00:00\",\"dateModified\":\"2026-03-26T08:43:26+00:00\",\"breadcrumb\":{\"@id\":\"https:\/\/borascykelfabrik.se\/produkt\/bcf-landsvag-light-disc-sport\/#breadcrumb\"},\"inLanguage\":\"da-DK\",\"potentialAction\":[{\"@type\":\"ReadAction\",\"target\":[\"https:\/\/borascykelfabrik.se\/produkt\/bcf-landsvag-light-disc-sport\/\"]}]},{\"@type\":\"ImageObject\",\"inLanguage\":\"da-DK\",\"@id\":\"https:\/\/borascykelfabrik.se\/produkt\/bcf-landsvag-light-disc-sport\/#primaryimage\",\"url\":\"https:\/\/borascykelfabrik.se\/wp-content\/uploads\/2023\/09\/Light_disc_Studio-RESIZE.png\",\"contentUrl\":\"https:\/\/borascykelfabrik.se\/wp-content\/uploads\/2023\/09\/Light_disc_Studio-RESIZE.png\",\"width\":1173,\"height\":782},{\"@type\":\"BreadcrumbList\",\"@id\":\"https:\/\/borascykelfabrik.se\/produkt\/bcf-landsvag-light-disc-sport\/#breadcrumb\",\"itemListElement\":[{\"@type\":\"ListItem\",\"position\":1,\"name\":\"Hem\",\"item\":\"https:\/\/borascykelfabrik.se\/\"},{\"@type\":\"ListItem\",\"position\":2,\"name\":\"Shop\",\"item\":\"https:\/\/borascykelfabrik.se\/shop\/\"},{\"@type\":\"ListItem\",\"position\":3,\"name\":\"LIGHT DISC | SPORT\"}]},{\"@type\":\"WebSite\",\"@id\":\"https:\/\/borascykelfabrik.se\/#website\",\"url\":\"https:\/\/borascykelfabrik.se\/\",\"name\":\"BCF\",\"description\":\"more. no less.\",\"potentialAction\":[{\"@type\":\"SearchAction\",\"target\":{\"@type\":\"EntryPoint\",\"urlTemplate\":\"https:\/\/borascykelfabrik.se\/?s={search_term_string}\"},\"query-input\":{\"@type\":\"PropertyValueSpecification\",\"valueRequired\":true,\"valueName\":\"search_term_string\"}}],\"inLanguage\":\"da-DK\"}]}<\/script>\n<!-- \/ Yoast SEO plugin. -->","yoast_head_json":{"title":"LIGHT DISC | SPORT - BCF","robots":{"index":"index","follow":"follow","max-snippet":"max-snippet:-1","max-image-preview":"max-image-preview:large","max-video-preview":"max-video-preview:-1"},"canonical":"https:\/\/borascykelfabrik.se\/dk\/vare\/bcf-landsvag-light-disc-sport\/","og_locale":"da_DK","og_type":"article","og_title":"LIGHT DISC | SPORT - BCF","og_description":"Light Sport \u00e4r modellen f\u00f6r dig som vill ha en l\u00e4tt, snabb och renodlad landsv\u00e4gscykel med tydlig prestandak\u00e4nsla \u2013 i en mer tillg\u00e4nglig upps\u00e4ttning. Den l\u00e5ga vikten ger en direkt och responsiv k\u00e4nsla, oavsett om det handlar om kl\u00e4ttringar eller h\u00f6g fart p\u00e5 platten. Plattformen rymmer upp till 35 mm d\u00e4ck, vilket ger extra komfort och breddar anv\u00e4ndningen mot s\u00e4mre asfalt och l\u00e4ttare grus \u2013 utan att tappa k\u00e4nslan av en snabb landsv\u00e4gscykel. Precis som alla v\u00e5ra cyklar monteras Light Sport f\u00f6r hand i Bor\u00e5s, med fokus p\u00e5 helhet, balans och k\u00f6rk\u00e4nsla i varje detalj.","og_url":"https:\/\/borascykelfabrik.se\/dk\/vare\/bcf-landsvag-light-disc-sport\/","og_site_name":"BCF","article_modified_time":"2026-03-26T08:43:26+00:00","og_image":[{"width":1173,"height":782,"url":"https:\/\/borascykelfabrik.se\/wp-content\/uploads\/2023\/09\/Light_disc_Studio-RESIZE.png","type":"image\/png"}],"twitter_card":"summary_large_image","twitter_misc":{"Estimeret l\u00e6setid":"1 minut"},"schema":{"@context":"https:\/\/schema.org","@graph":[{"@type":"WebPage","@id":"https:\/\/borascykelfabrik.se\/produkt\/bcf-landsvag-light-disc-sport\/","url":"https:\/\/borascykelfabrik.se\/produkt\/bcf-landsvag-light-disc-sport\/","name":"LIGHT DISC | SPORT - BCF","isPartOf":{"@id":"https:\/\/borascykelfabrik.se\/#website"},"primaryImageOfPage":{"@id":"https:\/\/borascykelfabrik.se\/produkt\/bcf-landsvag-light-disc-sport\/#primaryimage"},"image":{"@id":"https:\/\/borascykelfabrik.se\/produkt\/bcf-landsvag-light-disc-sport\/#primaryimage"},"thumbnailUrl":"https:\/\/borascykelfabrik.se\/wp-content\/uploads\/2023\/09\/Light_disc_Studio-RESIZE.png","datePublished":"2023-09-28T10:13:14+00:00","dateModified":"2026-03-26T08:43:26+00:00","breadcrumb":{"@id":"https:\/\/borascykelfabrik.se\/produkt\/bcf-landsvag-light-disc-sport\/#breadcrumb"},"inLanguage":"da-DK","potentialAction":[{"@type":"ReadAction","target":["https:\/\/borascykelfabrik.se\/produkt\/bcf-landsvag-light-disc-sport\/"]}]},{"@type":"ImageObject","inLanguage":"da-DK","@id":"https:\/\/borascykelfabrik.se\/produkt\/bcf-landsvag-light-disc-sport\/#primaryimage","url":"https:\/\/borascykelfabrik.se\/wp-content\/uploads\/2023\/09\/Light_disc_Studio-RESIZE.png","contentUrl":"https:\/\/borascykelfabrik.se\/wp-content\/uploads\/2023\/09\/Light_disc_Studio-RESIZE.png","width":1173,"height":782},{"@type":"BreadcrumbList","@id":"https:\/\/borascykelfabrik.se\/produkt\/bcf-landsvag-light-disc-sport\/#breadcrumb","itemListElement":[{"@type":"ListItem","position":1,"name":"Hem","item":"https:\/\/borascykelfabrik.se\/"},{"@type":"ListItem","position":2,"name":"Shop","item":"https:\/\/borascykelfabrik.se\/shop\/"},{"@type":"ListItem","position":3,"name":"LIGHT DISC | SPORT"}]},{"@type":"WebSite","@id":"https:\/\/borascykelfabrik.se\/#website","url":"https:\/\/borascykelfabrik.se\/","name":"BCF","description":"more. no less.","potentialAction":[{"@type":"SearchAction","target":{"@type":"EntryPoint","urlTemplate":"https:\/\/borascykelfabrik.se\/?s={search_term_string}"},"query-input":{"@type":"PropertyValueSpecification","valueRequired":true,"valueName":"search_term_string"}}],"inLanguage":"da-DK"}]}},"taxonomy_info":{"product_cat":[{"value":15,"label":"Alla produkter"},{"value":19,"label":"Cyklar"},{"value":24,"label":"Landsv\u00e4g"},{"value":45,"label":"Light Disc"}],"product_tag":[{"value":69,"label":"LIGHT DISC"}]},"featured_image_src_large":["https:\/\/borascykelfabrik.se\/wp-content\/uploads\/2023\/09\/Light_disc_Studio-RESIZE.png",1173,782,false],"author_info":[],"comment_info":"","_links":{"self":[{"href":"https:\/\/borascykelfabrik.se\/dk\/wp-json\/wp\/v2\/product\/907","targetHints":{"allow":["GET"]}}],"collection":[{"href":"https:\/\/borascykelfabrik.se\/dk\/wp-json\/wp\/v2\/product"}],"about":[{"href":"https:\/\/borascykelfabrik.se\/dk\/wp-json\/wp\/v2\/types\/product"}],"wp:featuredmedia":[{"embeddable":true,"href":"https:\/\/borascykelfabrik.se\/dk\/wp-json\/wp\/v2\/media\/3986"}],"wp:attachment":[{"href":"https:\/\/borascykelfabrik.se\/dk\/wp-json\/wp\/v2\/media?parent=907"}],"wp:term":[{"taxonomy":"product_brand","embeddable":true,"href":"https:\/\/borascykelfabrik.se\/dk\/wp-json\/wp\/v2\/product_brand?post=907"},{"taxonomy":"product_cat","embeddable":true,"href":"https:\/\/borascykelfabrik.se\/dk\/wp-json\/wp\/v2\/product_cat?post=907"},{"taxonomy":"product_tag","embeddable":true,"href":"https:\/\/borascykelfabrik.se\/dk\/wp-json\/wp\/v2\/product_tag?post=907"}],"curies":[{"name":"wp","href":"https:\/\/api.w.org\/{rel}","templated":true}]}}