{"id":909,"date":"2023-09-28T10:28:40","date_gmt":"2023-09-28T10:28:40","guid":{"rendered":"https:\/\/borascykelfabrik.se\/?post_type=product&#038;p=909"},"modified":"2026-03-26T08:45:22","modified_gmt":"2026-03-26T08:45:22","slug":"bcf-landsvag-light-disc-race","status":"publish","type":"product","link":"https:\/\/borascykelfabrik.se\/dk\/vare\/bcf-landsvag-light-disc-race\/","title":{"rendered":"LIGHT DISC | RACE"},"content":{"rendered":"<section class=\"text-token-text-primary w-full focus:outline-none [--shadow-height:45px] has-data-writing-block:pointer-events-none has-data-writing-block:-mt-(--shadow-height) has-data-writing-block:pt-(--shadow-height) [&amp;:has([data-writing-block])&gt;*]:pointer-events-auto scroll-mt-(--header-height)\" dir=\"auto\" data-turn-id=\"96d7f7a3-8869-4395-9a87-dab2901ab3bd\" data-testid=\"conversation-turn-5\" data-scroll-anchor=\"false\" data-turn=\"user\">\n<div class=\"text-base my-auto mx-auto pt-12 [--thread-content-margin:var(--thread-content-margin-xs,calc(var(--spacing)*4))] @w-sm\/main:[--thread-content-margin:var(--thread-content-margin-sm,calc(var(--spacing)*6))] @w-lg\/main:[--thread-content-margin:var(--thread-content-margin-lg,calc(var(--spacing)*16))] px-(--thread-content-margin)\">\n<div class=\"[--thread-content-max-width:40rem] @w-lg\/main:[--thread-content-max-width:48rem] mx-auto max-w-(--thread-content-max-width) flex-1 group\/turn-messages focus-visible:outline-hidden relative flex w-full min-w-0 flex-col\">\n<div class=\"z-0 flex justify-end\"><\/div>\n<\/div>\n<\/div>\n<\/section>\n<section class=\"text-token-text-primary w-full focus:outline-none [--shadow-height:45px] has-data-writing-block:pointer-events-none has-data-writing-block:-mt-(--shadow-height) has-data-writing-block:pt-(--shadow-height) [&amp;:has([data-writing-block])&gt;*]:pointer-events-auto scroll-mt-[calc(var(--header-height)+min(200px,max(70px,20svh)))]\" dir=\"auto\" data-turn-id=\"request-WEB:997e4255-03f0-4259-a1ea-29a3d90138c9-4\" data-testid=\"conversation-turn-6\" data-scroll-anchor=\"true\" data-turn=\"assistant\">\n<div class=\"text-base my-auto mx-auto pb-10 [--thread-content-margin:var(--thread-content-margin-xs,calc(var(--spacing)*4))] @w-sm\/main:[--thread-content-margin:var(--thread-content-margin-sm,calc(var(--spacing)*6))] @w-lg\/main:[--thread-content-margin:var(--thread-content-margin-lg,calc(var(--spacing)*16))] px-(--thread-content-margin)\">\n<div class=\"[--thread-content-max-width:40rem] @w-lg\/main:[--thread-content-max-width:48rem] mx-auto max-w-(--thread-content-max-width) flex-1 group\/turn-messages focus-visible:outline-hidden relative flex w-full min-w-0 flex-col agent-turn\">\n<div class=\"flex max-w-full flex-col gap-4 grow\">\n<div class=\"min-h-8 text-message relative flex w-full flex-col items-end gap-2 text-start break-words whitespace-normal outline-none keyboard-focused:focus-ring [.text-message+&amp;]:mt-1\" dir=\"auto\" tabindex=\"0\" data-message-author-role=\"assistant\" data-message-id=\"a8f06918-33da-435f-af60-e46d808a1640\" data-message-model-slug=\"gpt-5-3\" data-turn-start-message=\"true\">\n<div class=\"flex w-full flex-col gap-1 empty:hidden\">\n<div class=\"markdown prose dark:prose-invert w-full wrap-break-word light markdown-new-styling\">\n<p data-start=\"0\" data-end=\"210\">Light Race er modellen for dem, der vil tage det n\u00e6ste skridt \u2013 med mindre v\u00e6gt, mere pr\u00e6cision og en m\u00e6rkbart skarpere f\u00f8lelse i hvert pedaltr\u00e6k. Den er hurtig, responsiv og bygget til at pr\u00e6stere, n\u00e5r tempoet \u00f8ges.<\/p>\n<p data-start=\"212\" data-end=\"519\">Udstyret med SRAM Force AXS f\u00e5r du elektronisk gearskifte med hurtig respons, et bredt gearomr\u00e5de og en ren, p\u00e5lidelig fornemmelse i hele drivlinjen. Kombineret med kulfiberhjul fra <span class=\"hover:entity-accent entity-underline inline cursor-pointer align-baseline\"><span class=\"whitespace-normal\">K Components<\/span><\/span> cyklen l\u00f8ftes yderligere \u2013 med bedre acceleration, lavere v\u00e6gt og mere effektiv kraftoverf\u00f8rsel.<\/p>\n<p data-start=\"521\" data-end=\"638\">Platformen har plads til d\u00e6k op til 35 mm, hvilket giver dig friheden til at k\u00f8re hurtigere og l\u00e6ngere, selv n\u00e5r underlaget varierer.<\/p>\n<p data-start=\"640\" data-end=\"763\" data-is-last-node=\"\" data-is-only-node=\"\">Ligesom alle vores cykler samles Light Race i h\u00e5nden i Bor\u00e5s med fokus p\u00e5 integritet, ydeevne og f\u00f8lelse i hver eneste detalje.<\/p>\n<\/div>\n<\/div>\n<\/div>\n<\/div>\n<\/div>\n<\/div>\n<\/section>","protected":false},"excerpt":{"rendered":"<section class=\"text-token-text-primary w-full focus:outline-none [--shadow-height:45px] has-data-writing-block:pointer-events-none has-data-writing-block:-mt-(--shadow-height) has-data-writing-block:pt-(--shadow-height) [&amp;:has([data-writing-block])&gt;*]:pointer-events-auto scroll-mt-(--header-height)\" dir=\"auto\" data-turn-id=\"96d7f7a3-8869-4395-9a87-dab2901ab3bd\" data-testid=\"conversation-turn-5\" data-scroll-anchor=\"false\" data-turn=\"user\">\n<div class=\"text-base my-auto mx-auto pt-12 [--thread-content-margin:var(--thread-content-margin-xs,calc(var(--spacing)*4))] @w-sm\/main:[--thread-content-margin:var(--thread-content-margin-sm,calc(var(--spacing)*6))] @w-lg\/main:[--thread-content-margin:var(--thread-content-margin-lg,calc(var(--spacing)*16))] px-(--thread-content-margin)\">\n<div class=\"[--thread-content-max-width:40rem] @w-lg\/main:[--thread-content-max-width:48rem] mx-auto max-w-(--thread-content-max-width) flex-1 group\/turn-messages focus-visible:outline-hidden relative flex w-full min-w-0 flex-col\">\n<div class=\"z-0 flex justify-end\"><\/div>\n<\/div>\n<\/div>\n<\/section>\n<section class=\"text-token-text-primary w-full focus:outline-none [--shadow-height:45px] has-data-writing-block:pointer-events-none has-data-writing-block:-mt-(--shadow-height) has-data-writing-block:pt-(--shadow-height) [&amp;:has([data-writing-block])&gt;*]:pointer-events-auto scroll-mt-[calc(var(--header-height)+min(200px,max(70px,20svh)))]\" dir=\"auto\" data-turn-id=\"request-WEB:997e4255-03f0-4259-a1ea-29a3d90138c9-4\" data-testid=\"conversation-turn-6\" data-scroll-anchor=\"true\" data-turn=\"assistant\">\n<div class=\"text-base my-auto mx-auto pb-10 [--thread-content-margin:var(--thread-content-margin-xs,calc(var(--spacing)*4))] @w-sm\/main:[--thread-content-margin:var(--thread-content-margin-sm,calc(var(--spacing)*6))] @w-lg\/main:[--thread-content-margin:var(--thread-content-margin-lg,calc(var(--spacing)*16))] px-(--thread-content-margin)\">\n<div class=\"[--thread-content-max-width:40rem] @w-lg\/main:[--thread-content-max-width:48rem] mx-auto max-w-(--thread-content-max-width) flex-1 group\/turn-messages focus-visible:outline-hidden relative flex w-full min-w-0 flex-col agent-turn\">\n<div class=\"flex max-w-full flex-col gap-4 grow\">\n<div class=\"min-h-8 text-message relative flex w-full flex-col items-end gap-2 text-start break-words whitespace-normal outline-none keyboard-focused:focus-ring [.text-message+&amp;]:mt-1\" dir=\"auto\" tabindex=\"0\" data-message-author-role=\"assistant\" data-message-id=\"a8f06918-33da-435f-af60-e46d808a1640\" data-message-model-slug=\"gpt-5-3\" data-turn-start-message=\"true\">\n<div class=\"flex w-full flex-col gap-1 empty:hidden\">\n<div class=\"markdown prose dark:prose-invert w-full wrap-break-word light markdown-new-styling\">\n<p data-start=\"0\" data-end=\"210\">Light Race er modellen for dem, der vil tage det n\u00e6ste skridt \u2013 med mindre v\u00e6gt, mere pr\u00e6cision og en m\u00e6rkbart skarpere f\u00f8lelse i hvert pedaltr\u00e6k. Den er hurtig, responsiv og bygget til at pr\u00e6stere, n\u00e5r tempoet \u00f8ges.<\/p>\n<p data-start=\"212\" data-end=\"519\">Udstyret med SRAM Force AXS f\u00e5r du elektronisk gearskifte med hurtig respons, et bredt gearomr\u00e5de og en ren, p\u00e5lidelig fornemmelse i hele drivlinjen. Kombineret med kulfiberhjul fra <span class=\"hover:entity-accent entity-underline inline cursor-pointer align-baseline\"><span class=\"whitespace-normal\">K Components<\/span><\/span> cyklen l\u00f8ftes yderligere \u2013 med bedre acceleration, lavere v\u00e6gt og mere effektiv kraftoverf\u00f8rsel.<\/p>\n<p data-start=\"521\" data-end=\"638\">Platformen har plads til d\u00e6k op til 35 mm, hvilket giver dig friheden til at k\u00f8re hurtigere og l\u00e6ngere, selv n\u00e5r underlaget varierer.<\/p>\n<p data-start=\"640\" data-end=\"763\" data-is-last-node=\"\" data-is-only-node=\"\">Ligesom alle vores cykler samles Light Race i h\u00e5nden i Bor\u00e5s med fokus p\u00e5 integritet, ydeevne og f\u00f8lelse i hver eneste detalje.<\/p>\n<\/div>\n<\/div>\n<\/div>\n<\/div>\n<\/div>\n<\/div>\n<\/section>","protected":false},"featured_media":3986,"template":"","meta":{"_acf_changed":false,"inline_featured_image":false,"_kad_blocks_custom_css":"","_kad_blocks_head_custom_js":"","_kad_blocks_body_custom_js":"","_kad_blocks_footer_custom_js":"","_monsterinsights_skip_tracking":false,"_monsterinsights_sitenote_active":false,"_monsterinsights_sitenote_note":"","_monsterinsights_sitenote_category":0},"product_brand":[],"product_cat":[15,19,24,45],"product_tag":[69],"class_list":{"0":"post-909","1":"product","2":"type-product","3":"status-publish","4":"has-post-thumbnail","6":"product_cat-alla","7":"product_cat-cyklar","8":"product_cat-landsvag","9":"product_cat-light-disc","10":"product_tag-light-disc","12":"first","13":"instock","14":"shipping-taxable","15":"purchasable","16":"product-type-simple"},"acf":[],"yoast_head":"<!-- This site is optimized with the Yoast SEO plugin v24.1 - https:\/\/yoast.com\/wordpress\/plugins\/seo\/ -->\n<title>LIGHT DISC | RACE - BCF<\/title>\n<meta name=\"robots\" content=\"index, follow, max-snippet:-1, max-image-preview:large, max-video-preview:-1\" \/>\n<link rel=\"canonical\" href=\"https:\/\/borascykelfabrik.se\/dk\/vare\/bcf-landsvag-light-disc-race\/\" \/>\n<meta property=\"og:locale\" content=\"da_DK\" \/>\n<meta property=\"og:type\" content=\"article\" \/>\n<meta property=\"og:title\" content=\"LIGHT DISC | RACE - BCF\" \/>\n<meta property=\"og:description\" content=\"Light Race \u00e4r modellen f\u00f6r dig som vill ta n\u00e4sta steg \u2013 med l\u00e4gre vikt, h\u00f6gre precision och en tydligt vassare k\u00e4nsla i varje tramptag. Den \u00e4r snabb, responsiv och byggd f\u00f6r att prestera n\u00e4r tempot skruvas upp. Utrustad med SRAM Force AXS f\u00e5r du elektronisk v\u00e4xling med snabb respons, brett register och en ren, p\u00e5litlig k\u00e4nsla genom hela drivlinan. Tillsammans med kolfiberhjul fr\u00e5n K Components lyfts cykeln ytterligare \u2013 med b\u00e4ttre acceleration, l\u00e4gre vikt och mer effektiv kraft\u00f6verf\u00f6ring. Plattformen rymmer upp till 35 mm d\u00e4ck, vilket ger frihet att k\u00f6ra snabbare och l\u00e4ngre, \u00e4ven n\u00e4r underlaget varierar. Precis som alla v\u00e5ra cyklar monteras Light Race f\u00f6r hand i Bor\u00e5s, med fokus p\u00e5 helhet, prestanda och k\u00e4nsla i varje detalj.\" \/>\n<meta property=\"og:url\" content=\"https:\/\/borascykelfabrik.se\/dk\/vare\/bcf-landsvag-light-disc-race\/\" \/>\n<meta property=\"og:site_name\" content=\"BCF\" \/>\n<meta property=\"article:modified_time\" content=\"2026-03-26T08:45:22+00:00\" \/>\n<meta property=\"og:image\" content=\"https:\/\/borascykelfabrik.se\/wp-content\/uploads\/2023\/09\/Light_disc_Studio-RESIZE.png\" \/>\n\t<meta property=\"og:image:width\" content=\"1173\" \/>\n\t<meta property=\"og:image:height\" content=\"782\" \/>\n\t<meta property=\"og:image:type\" content=\"image\/png\" \/>\n<meta name=\"twitter:card\" content=\"summary_large_image\" \/>\n<meta name=\"twitter:label1\" content=\"Estimeret l\u00e6setid\" \/>\n\t<meta name=\"twitter:data1\" content=\"1 minut\" \/>\n<script type=\"application\/ld+json\" class=\"yoast-schema-graph\">{\"@context\":\"https:\/\/schema.org\",\"@graph\":[{\"@type\":\"WebPage\",\"@id\":\"https:\/\/borascykelfabrik.se\/produkt\/bcf-landsvag-light-disc-race\/\",\"url\":\"https:\/\/borascykelfabrik.se\/produkt\/bcf-landsvag-light-disc-race\/\",\"name\":\"LIGHT DISC | RACE - BCF\",\"isPartOf\":{\"@id\":\"https:\/\/borascykelfabrik.se\/#website\"},\"primaryImageOfPage\":{\"@id\":\"https:\/\/borascykelfabrik.se\/produkt\/bcf-landsvag-light-disc-race\/#primaryimage\"},\"image\":{\"@id\":\"https:\/\/borascykelfabrik.se\/produkt\/bcf-landsvag-light-disc-race\/#primaryimage\"},\"thumbnailUrl\":\"https:\/\/borascykelfabrik.se\/wp-content\/uploads\/2023\/09\/Light_disc_Studio-RESIZE.png\",\"datePublished\":\"2023-09-28T10:28:40+00:00\",\"dateModified\":\"2026-03-26T08:45:22+00:00\",\"breadcrumb\":{\"@id\":\"https:\/\/borascykelfabrik.se\/produkt\/bcf-landsvag-light-disc-race\/#breadcrumb\"},\"inLanguage\":\"da-DK\",\"potentialAction\":[{\"@type\":\"ReadAction\",\"target\":[\"https:\/\/borascykelfabrik.se\/produkt\/bcf-landsvag-light-disc-race\/\"]}]},{\"@type\":\"ImageObject\",\"inLanguage\":\"da-DK\",\"@id\":\"https:\/\/borascykelfabrik.se\/produkt\/bcf-landsvag-light-disc-race\/#primaryimage\",\"url\":\"https:\/\/borascykelfabrik.se\/wp-content\/uploads\/2023\/09\/Light_disc_Studio-RESIZE.png\",\"contentUrl\":\"https:\/\/borascykelfabrik.se\/wp-content\/uploads\/2023\/09\/Light_disc_Studio-RESIZE.png\",\"width\":1173,\"height\":782},{\"@type\":\"BreadcrumbList\",\"@id\":\"https:\/\/borascykelfabrik.se\/produkt\/bcf-landsvag-light-disc-race\/#breadcrumb\",\"itemListElement\":[{\"@type\":\"ListItem\",\"position\":1,\"name\":\"Hem\",\"item\":\"https:\/\/borascykelfabrik.se\/\"},{\"@type\":\"ListItem\",\"position\":2,\"name\":\"Shop\",\"item\":\"https:\/\/borascykelfabrik.se\/shop\/\"},{\"@type\":\"ListItem\",\"position\":3,\"name\":\"LIGHT DISC | RACE\"}]},{\"@type\":\"WebSite\",\"@id\":\"https:\/\/borascykelfabrik.se\/#website\",\"url\":\"https:\/\/borascykelfabrik.se\/\",\"name\":\"BCF\",\"description\":\"more. no less.\",\"potentialAction\":[{\"@type\":\"SearchAction\",\"target\":{\"@type\":\"EntryPoint\",\"urlTemplate\":\"https:\/\/borascykelfabrik.se\/?s={search_term_string}\"},\"query-input\":{\"@type\":\"PropertyValueSpecification\",\"valueRequired\":true,\"valueName\":\"search_term_string\"}}],\"inLanguage\":\"da-DK\"}]}<\/script>\n<!-- \/ Yoast SEO plugin. -->","yoast_head_json":{"title":"LIGHT DISC | RACE - BCF","robots":{"index":"index","follow":"follow","max-snippet":"max-snippet:-1","max-image-preview":"max-image-preview:large","max-video-preview":"max-video-preview:-1"},"canonical":"https:\/\/borascykelfabrik.se\/dk\/vare\/bcf-landsvag-light-disc-race\/","og_locale":"da_DK","og_type":"article","og_title":"LIGHT DISC | RACE - BCF","og_description":"Light Race \u00e4r modellen f\u00f6r dig som vill ta n\u00e4sta steg \u2013 med l\u00e4gre vikt, h\u00f6gre precision och en tydligt vassare k\u00e4nsla i varje tramptag. Den \u00e4r snabb, responsiv och byggd f\u00f6r att prestera n\u00e4r tempot skruvas upp. Utrustad med SRAM Force AXS f\u00e5r du elektronisk v\u00e4xling med snabb respons, brett register och en ren, p\u00e5litlig k\u00e4nsla genom hela drivlinan. Tillsammans med kolfiberhjul fr\u00e5n K Components lyfts cykeln ytterligare \u2013 med b\u00e4ttre acceleration, l\u00e4gre vikt och mer effektiv kraft\u00f6verf\u00f6ring. Plattformen rymmer upp till 35 mm d\u00e4ck, vilket ger frihet att k\u00f6ra snabbare och l\u00e4ngre, \u00e4ven n\u00e4r underlaget varierar. Precis som alla v\u00e5ra cyklar monteras Light Race f\u00f6r hand i Bor\u00e5s, med fokus p\u00e5 helhet, prestanda och k\u00e4nsla i varje detalj.","og_url":"https:\/\/borascykelfabrik.se\/dk\/vare\/bcf-landsvag-light-disc-race\/","og_site_name":"BCF","article_modified_time":"2026-03-26T08:45:22+00:00","og_image":[{"width":1173,"height":782,"url":"https:\/\/borascykelfabrik.se\/wp-content\/uploads\/2023\/09\/Light_disc_Studio-RESIZE.png","type":"image\/png"}],"twitter_card":"summary_large_image","twitter_misc":{"Estimeret l\u00e6setid":"1 minut"},"schema":{"@context":"https:\/\/schema.org","@graph":[{"@type":"WebPage","@id":"https:\/\/borascykelfabrik.se\/produkt\/bcf-landsvag-light-disc-race\/","url":"https:\/\/borascykelfabrik.se\/produkt\/bcf-landsvag-light-disc-race\/","name":"LIGHT DISC | RACE - BCF","isPartOf":{"@id":"https:\/\/borascykelfabrik.se\/#website"},"primaryImageOfPage":{"@id":"https:\/\/borascykelfabrik.se\/produkt\/bcf-landsvag-light-disc-race\/#primaryimage"},"image":{"@id":"https:\/\/borascykelfabrik.se\/produkt\/bcf-landsvag-light-disc-race\/#primaryimage"},"thumbnailUrl":"https:\/\/borascykelfabrik.se\/wp-content\/uploads\/2023\/09\/Light_disc_Studio-RESIZE.png","datePublished":"2023-09-28T10:28:40+00:00","dateModified":"2026-03-26T08:45:22+00:00","breadcrumb":{"@id":"https:\/\/borascykelfabrik.se\/produkt\/bcf-landsvag-light-disc-race\/#breadcrumb"},"inLanguage":"da-DK","potentialAction":[{"@type":"ReadAction","target":["https:\/\/borascykelfabrik.se\/produkt\/bcf-landsvag-light-disc-race\/"]}]},{"@type":"ImageObject","inLanguage":"da-DK","@id":"https:\/\/borascykelfabrik.se\/produkt\/bcf-landsvag-light-disc-race\/#primaryimage","url":"https:\/\/borascykelfabrik.se\/wp-content\/uploads\/2023\/09\/Light_disc_Studio-RESIZE.png","contentUrl":"https:\/\/borascykelfabrik.se\/wp-content\/uploads\/2023\/09\/Light_disc_Studio-RESIZE.png","width":1173,"height":782},{"@type":"BreadcrumbList","@id":"https:\/\/borascykelfabrik.se\/produkt\/bcf-landsvag-light-disc-race\/#breadcrumb","itemListElement":[{"@type":"ListItem","position":1,"name":"Hem","item":"https:\/\/borascykelfabrik.se\/"},{"@type":"ListItem","position":2,"name":"Shop","item":"https:\/\/borascykelfabrik.se\/shop\/"},{"@type":"ListItem","position":3,"name":"LIGHT DISC | RACE"}]},{"@type":"WebSite","@id":"https:\/\/borascykelfabrik.se\/#website","url":"https:\/\/borascykelfabrik.se\/","name":"BCF","description":"more. no less.","potentialAction":[{"@type":"SearchAction","target":{"@type":"EntryPoint","urlTemplate":"https:\/\/borascykelfabrik.se\/?s={search_term_string}"},"query-input":{"@type":"PropertyValueSpecification","valueRequired":true,"valueName":"search_term_string"}}],"inLanguage":"da-DK"}]}},"taxonomy_info":{"product_cat":[{"value":15,"label":"Alla produkter"},{"value":19,"label":"Cyklar"},{"value":24,"label":"Landsv\u00e4g"},{"value":45,"label":"Light Disc"}],"product_tag":[{"value":69,"label":"LIGHT DISC"}]},"featured_image_src_large":["https:\/\/borascykelfabrik.se\/wp-content\/uploads\/2023\/09\/Light_disc_Studio-RESIZE.png",1173,782,false],"author_info":[],"comment_info":"","_links":{"self":[{"href":"https:\/\/borascykelfabrik.se\/dk\/wp-json\/wp\/v2\/product\/909","targetHints":{"allow":["GET"]}}],"collection":[{"href":"https:\/\/borascykelfabrik.se\/dk\/wp-json\/wp\/v2\/product"}],"about":[{"href":"https:\/\/borascykelfabrik.se\/dk\/wp-json\/wp\/v2\/types\/product"}],"wp:featuredmedia":[{"embeddable":true,"href":"https:\/\/borascykelfabrik.se\/dk\/wp-json\/wp\/v2\/media\/3986"}],"wp:attachment":[{"href":"https:\/\/borascykelfabrik.se\/dk\/wp-json\/wp\/v2\/media?parent=909"}],"wp:term":[{"taxonomy":"product_brand","embeddable":true,"href":"https:\/\/borascykelfabrik.se\/dk\/wp-json\/wp\/v2\/product_brand?post=909"},{"taxonomy":"product_cat","embeddable":true,"href":"https:\/\/borascykelfabrik.se\/dk\/wp-json\/wp\/v2\/product_cat?post=909"},{"taxonomy":"product_tag","embeddable":true,"href":"https:\/\/borascykelfabrik.se\/dk\/wp-json\/wp\/v2\/product_tag?post=909"}],"curies":[{"name":"wp","href":"https:\/\/api.w.org\/{rel}","templated":true}]}}