{"id":910,"date":"2023-09-28T10:31:49","date_gmt":"2023-09-28T10:31:49","guid":{"rendered":"https:\/\/borascykelfabrik.se\/?post_type=product&#038;p=910"},"modified":"2026-03-26T08:46:34","modified_gmt":"2026-03-26T08:46:34","slug":"bcf-landsvag-light-disc-pro","status":"publish","type":"product","link":"https:\/\/borascykelfabrik.se\/dk\/vare\/bcf-landsvag-light-disc-pro\/","title":{"rendered":"LIGHT DISC | PRO"},"content":{"rendered":"<section class=\"text-token-text-primary w-full focus:outline-none [--shadow-height:45px] has-data-writing-block:pointer-events-none has-data-writing-block:-mt-(--shadow-height) has-data-writing-block:pt-(--shadow-height) [&amp;:has([data-writing-block])&gt;*]:pointer-events-auto scroll-mt-(--header-height)\" dir=\"auto\" data-turn-id=\"3696f4cd-214c-4d19-9447-082c6d98923f\" data-testid=\"conversation-turn-7\" data-scroll-anchor=\"false\" data-turn=\"user\">\n<div class=\"text-base my-auto mx-auto pt-12 [--thread-content-margin:var(--thread-content-margin-xs,calc(var(--spacing)*4))] @w-sm\/main:[--thread-content-margin:var(--thread-content-margin-sm,calc(var(--spacing)*6))] @w-lg\/main:[--thread-content-margin:var(--thread-content-margin-lg,calc(var(--spacing)*16))] px-(--thread-content-margin)\">\n<div class=\"[--thread-content-max-width:40rem] @w-lg\/main:[--thread-content-max-width:48rem] mx-auto max-w-(--thread-content-max-width) flex-1 group\/turn-messages focus-visible:outline-hidden relative flex w-full min-w-0 flex-col\">\n<div class=\"z-0 flex justify-end\"><\/div>\n<\/div>\n<\/div>\n<\/section>\n<section class=\"text-token-text-primary w-full focus:outline-none [--shadow-height:45px] has-data-writing-block:pointer-events-none has-data-writing-block:-mt-(--shadow-height) has-data-writing-block:pt-(--shadow-height) [&amp;:has([data-writing-block])&gt;*]:pointer-events-auto scroll-mt-[calc(var(--header-height)+min(200px,max(70px,20svh)))]\" dir=\"auto\" data-turn-id=\"request-WEB:997e4255-03f0-4259-a1ea-29a3d90138c9-5\" data-testid=\"conversation-turn-8\" data-scroll-anchor=\"true\" data-turn=\"assistant\">\n<div class=\"text-base my-auto mx-auto pb-10 [--thread-content-margin:var(--thread-content-margin-xs,calc(var(--spacing)*4))] @w-sm\/main:[--thread-content-margin:var(--thread-content-margin-sm,calc(var(--spacing)*6))] @w-lg\/main:[--thread-content-margin:var(--thread-content-margin-lg,calc(var(--spacing)*16))] px-(--thread-content-margin)\">\n<div class=\"[--thread-content-max-width:40rem] @w-lg\/main:[--thread-content-max-width:48rem] mx-auto max-w-(--thread-content-max-width) flex-1 group\/turn-messages focus-visible:outline-hidden relative flex w-full min-w-0 flex-col agent-turn\">\n<div class=\"flex max-w-full flex-col gap-4 grow\">\n<div class=\"min-h-8 text-message relative flex w-full flex-col items-end gap-2 text-start break-words whitespace-normal outline-none keyboard-focused:focus-ring [.text-message+&amp;]:mt-1\" dir=\"auto\" tabindex=\"0\" data-message-author-role=\"assistant\" data-message-id=\"e7163e6c-22c0-4849-ba7c-071be6df7058\" data-message-model-slug=\"gpt-5-3\" data-turn-start-message=\"true\">\n<div class=\"flex w-full flex-col gap-1 empty:hidden\">\n<div class=\"markdown prose dark:prose-invert w-full wrap-break-word light markdown-new-styling\">\n<p data-start=\"0\" data-end=\"224\">Light PRO \u00e4r modellen f\u00f6r dig som vill ha det b\u00e4sta vi kan bygga \u2013 kompromissl\u00f6s prestanda, l\u00e4gsta m\u00f6jliga vikt och en k\u00e4nsla som m\u00e4rks i varje meter. Den \u00e4r direkt, exakt och byggd f\u00f6r att leverera n\u00e4r det verkligen g\u00e4ller.<\/p>\n<p data-start=\"226\" data-end=\"519\">Udstyret med SRAM RED AXS f\u00e5r du topniveau i b\u00e5de v\u00e6gt og pr\u00e6cision. Sammen med vores PRO-hjul fra <span class=\"hover:entity-accent entity-underline inline cursor-pointer align-baseline\"><span class=\"whitespace-normal\">K Components<\/span><\/span>, med opgraderede nav og muligheden for keramiske lejer, f\u00e5r du maksimal rulning, effektiv kraftoverf\u00f8rsel og en cykel, der reagerer \u00f8jeblikkeligt p\u00e5 enhver anstrengelse.<\/p>\n<p data-start=\"521\" data-end=\"631\">Platformen har plads til d\u00e6k op til 35 mm, hvilket giver dig friheden til at k\u00f8re hurtigt, selv n\u00e5r underlaget ikke er perfekt.<\/p>\n<p data-start=\"633\" data-end=\"743\" data-is-last-node=\"\" data-is-only-node=\"\">Precis som alla v\u00e5ra cyklar monteras Light PRO f\u00f6r hand i Bor\u00e5s, med fokus p\u00e5 absolut toppniv\u00e5 i varje detalj.<\/p>\n<\/div>\n<\/div>\n<\/div>\n<\/div>\n<\/div>\n<\/div>\n<\/section>","protected":false},"excerpt":{"rendered":"<section class=\"text-token-text-primary w-full focus:outline-none [--shadow-height:45px] has-data-writing-block:pointer-events-none has-data-writing-block:-mt-(--shadow-height) has-data-writing-block:pt-(--shadow-height) [&amp;:has([data-writing-block])&gt;*]:pointer-events-auto scroll-mt-(--header-height)\" dir=\"auto\" data-turn-id=\"3696f4cd-214c-4d19-9447-082c6d98923f\" data-testid=\"conversation-turn-7\" data-scroll-anchor=\"false\" data-turn=\"user\">\n<div class=\"text-base my-auto mx-auto pt-12 [--thread-content-margin:var(--thread-content-margin-xs,calc(var(--spacing)*4))] @w-sm\/main:[--thread-content-margin:var(--thread-content-margin-sm,calc(var(--spacing)*6))] @w-lg\/main:[--thread-content-margin:var(--thread-content-margin-lg,calc(var(--spacing)*16))] px-(--thread-content-margin)\">\n<div class=\"[--thread-content-max-width:40rem] @w-lg\/main:[--thread-content-max-width:48rem] mx-auto max-w-(--thread-content-max-width) flex-1 group\/turn-messages focus-visible:outline-hidden relative flex w-full min-w-0 flex-col\">\n<div class=\"z-0 flex justify-end\"><\/div>\n<\/div>\n<\/div>\n<\/section>\n<section class=\"text-token-text-primary w-full focus:outline-none [--shadow-height:45px] has-data-writing-block:pointer-events-none has-data-writing-block:-mt-(--shadow-height) has-data-writing-block:pt-(--shadow-height) [&amp;:has([data-writing-block])&gt;*]:pointer-events-auto scroll-mt-[calc(var(--header-height)+min(200px,max(70px,20svh)))]\" dir=\"auto\" data-turn-id=\"request-WEB:997e4255-03f0-4259-a1ea-29a3d90138c9-5\" data-testid=\"conversation-turn-8\" data-scroll-anchor=\"true\" data-turn=\"assistant\">\n<div class=\"text-base my-auto mx-auto pb-10 [--thread-content-margin:var(--thread-content-margin-xs,calc(var(--spacing)*4))] @w-sm\/main:[--thread-content-margin:var(--thread-content-margin-sm,calc(var(--spacing)*6))] @w-lg\/main:[--thread-content-margin:var(--thread-content-margin-lg,calc(var(--spacing)*16))] px-(--thread-content-margin)\">\n<div class=\"[--thread-content-max-width:40rem] @w-lg\/main:[--thread-content-max-width:48rem] mx-auto max-w-(--thread-content-max-width) flex-1 group\/turn-messages focus-visible:outline-hidden relative flex w-full min-w-0 flex-col agent-turn\">\n<div class=\"flex max-w-full flex-col gap-4 grow\">\n<div class=\"min-h-8 text-message relative flex w-full flex-col items-end gap-2 text-start break-words whitespace-normal outline-none keyboard-focused:focus-ring [.text-message+&amp;]:mt-1\" dir=\"auto\" tabindex=\"0\" data-message-author-role=\"assistant\" data-message-id=\"e7163e6c-22c0-4849-ba7c-071be6df7058\" data-message-model-slug=\"gpt-5-3\" data-turn-start-message=\"true\">\n<div class=\"flex w-full flex-col gap-1 empty:hidden\">\n<div class=\"markdown prose dark:prose-invert w-full wrap-break-word light markdown-new-styling\">\n<p data-start=\"0\" data-end=\"224\">Light Disc PRO er modellen for dem, der \u00f8nsker det bedste, vi kan bygge \u2013 kompromisl\u00f8s ydeevne, den lavest mulige v\u00e6gt og en f\u00f8lelse, du kan m\u00e6rke i hver meter. Den er direkte, pr\u00e6cis og bygget til at levere, n\u00e5r det virkelig g\u00e6lder.<\/p>\n<p data-start=\"226\" data-end=\"519\">Udstyret med SRAM RED AXS f\u00e5r du topniveau i b\u00e5de v\u00e6gt og pr\u00e6cision. Sammen med vores PRO-hjul fra <span class=\"hover:entity-accent entity-underline inline cursor-pointer align-baseline\"><span class=\"whitespace-normal\">K Components<\/span><\/span>, med opgraderede nav og muligheden for keramiske lejer, f\u00e5r du maksimal rulning, effektiv kraftoverf\u00f8rsel og en cykel, der reagerer \u00f8jeblikkeligt p\u00e5 enhver anstrengelse.<\/p>\n<p data-start=\"521\" data-end=\"631\">Platformen har plads til d\u00e6k op til 35 mm, hvilket giver dig friheden til at k\u00f8re hurtigt, selv n\u00e5r underlaget ikke er perfekt.<\/p>\n<p data-start=\"633\" data-end=\"743\" data-is-last-node=\"\" data-is-only-node=\"\">Ligesom alle vores cykler samles Light Disc PRO i h\u00e5nden i Bor\u00e5s med fokus p\u00e5 det absolut bedste niveau i hver eneste detalje.<\/p>\n<\/div>\n<\/div>\n<\/div>\n<\/div>\n<\/div>\n<\/div>\n<\/section>","protected":false},"featured_media":3986,"template":"","meta":{"_acf_changed":false,"inline_featured_image":false,"_kad_blocks_custom_css":"","_kad_blocks_head_custom_js":"","_kad_blocks_body_custom_js":"","_kad_blocks_footer_custom_js":"","_monsterinsights_skip_tracking":false,"_monsterinsights_sitenote_active":false,"_monsterinsights_sitenote_note":"","_monsterinsights_sitenote_category":0},"product_brand":[],"product_cat":[15,19,24,45],"product_tag":[69],"class_list":{"0":"post-910","1":"product","2":"type-product","3":"status-publish","4":"has-post-thumbnail","6":"product_cat-alla","7":"product_cat-cyklar","8":"product_cat-landsvag","9":"product_cat-light-disc","10":"product_tag-light-disc","12":"first","13":"instock","14":"shipping-taxable","15":"purchasable","16":"product-type-simple"},"acf":[],"yoast_head":"<!-- This site is optimized with the Yoast SEO plugin v24.1 - https:\/\/yoast.com\/wordpress\/plugins\/seo\/ -->\n<title>LIGHT DISC | PRO - BCF<\/title>\n<meta name=\"robots\" content=\"index, follow, max-snippet:-1, max-image-preview:large, max-video-preview:-1\" \/>\n<link rel=\"canonical\" href=\"https:\/\/borascykelfabrik.se\/dk\/vare\/bcf-landsvag-light-disc-pro\/\" \/>\n<meta property=\"og:locale\" content=\"da_DK\" \/>\n<meta property=\"og:type\" content=\"article\" \/>\n<meta property=\"og:title\" content=\"LIGHT DISC | PRO - BCF\" \/>\n<meta property=\"og:description\" content=\"Light Disc PRO \u00e4r modellen f\u00f6r dig som vill ha det b\u00e4sta vi kan bygga \u2013 kompromissl\u00f6s prestanda, l\u00e4gsta m\u00f6jliga vikt och en k\u00e4nsla som m\u00e4rks i varje meter. Den \u00e4r direkt, exakt och byggd f\u00f6r att leverera n\u00e4r det verkligen g\u00e4ller. Utrustad med SRAM RED AXS f\u00e5r du toppniv\u00e5 i b\u00e5de vikt och precision. Tillsammans med v\u00e5ra PRO-hjul fr\u00e5n K Components, med uppgraderade nav och m\u00f6jlighet till keramiska lager, f\u00e5r du maximal rull, effektiv kraft\u00f6verf\u00f6ring och en cykel som svarar direkt p\u00e5 varje insats. Plattformen rymmer upp till 35 mm d\u00e4ck, vilket ger frihet att k\u00f6ra snabbt \u00e4ven n\u00e4r underlaget inte \u00e4r perfekt. Precis som alla v\u00e5ra cyklar monteras Light Disc PRO f\u00f6r hand i Bor\u00e5s, med fokus p\u00e5 absolut toppniv\u00e5 i varje detalj.\" \/>\n<meta property=\"og:url\" content=\"https:\/\/borascykelfabrik.se\/dk\/vare\/bcf-landsvag-light-disc-pro\/\" \/>\n<meta property=\"og:site_name\" content=\"BCF\" \/>\n<meta property=\"article:modified_time\" content=\"2026-03-26T08:46:34+00:00\" \/>\n<meta property=\"og:image\" content=\"https:\/\/borascykelfabrik.se\/wp-content\/uploads\/2023\/09\/Light_disc_Studio-RESIZE.png\" \/>\n\t<meta property=\"og:image:width\" content=\"1173\" \/>\n\t<meta property=\"og:image:height\" content=\"782\" \/>\n\t<meta property=\"og:image:type\" content=\"image\/png\" \/>\n<meta name=\"twitter:card\" content=\"summary_large_image\" \/>\n<meta name=\"twitter:label1\" content=\"Estimeret l\u00e6setid\" \/>\n\t<meta name=\"twitter:data1\" content=\"1 minut\" \/>\n<script type=\"application\/ld+json\" class=\"yoast-schema-graph\">{\"@context\":\"https:\/\/schema.org\",\"@graph\":[{\"@type\":\"WebPage\",\"@id\":\"https:\/\/borascykelfabrik.se\/produkt\/bcf-landsvag-light-disc-pro\/\",\"url\":\"https:\/\/borascykelfabrik.se\/produkt\/bcf-landsvag-light-disc-pro\/\",\"name\":\"LIGHT DISC | PRO - BCF\",\"isPartOf\":{\"@id\":\"https:\/\/borascykelfabrik.se\/#website\"},\"primaryImageOfPage\":{\"@id\":\"https:\/\/borascykelfabrik.se\/produkt\/bcf-landsvag-light-disc-pro\/#primaryimage\"},\"image\":{\"@id\":\"https:\/\/borascykelfabrik.se\/produkt\/bcf-landsvag-light-disc-pro\/#primaryimage\"},\"thumbnailUrl\":\"https:\/\/borascykelfabrik.se\/wp-content\/uploads\/2023\/09\/Light_disc_Studio-RESIZE.png\",\"datePublished\":\"2023-09-28T10:31:49+00:00\",\"dateModified\":\"2026-03-26T08:46:34+00:00\",\"breadcrumb\":{\"@id\":\"https:\/\/borascykelfabrik.se\/produkt\/bcf-landsvag-light-disc-pro\/#breadcrumb\"},\"inLanguage\":\"da-DK\",\"potentialAction\":[{\"@type\":\"ReadAction\",\"target\":[\"https:\/\/borascykelfabrik.se\/produkt\/bcf-landsvag-light-disc-pro\/\"]}]},{\"@type\":\"ImageObject\",\"inLanguage\":\"da-DK\",\"@id\":\"https:\/\/borascykelfabrik.se\/produkt\/bcf-landsvag-light-disc-pro\/#primaryimage\",\"url\":\"https:\/\/borascykelfabrik.se\/wp-content\/uploads\/2023\/09\/Light_disc_Studio-RESIZE.png\",\"contentUrl\":\"https:\/\/borascykelfabrik.se\/wp-content\/uploads\/2023\/09\/Light_disc_Studio-RESIZE.png\",\"width\":1173,\"height\":782},{\"@type\":\"BreadcrumbList\",\"@id\":\"https:\/\/borascykelfabrik.se\/produkt\/bcf-landsvag-light-disc-pro\/#breadcrumb\",\"itemListElement\":[{\"@type\":\"ListItem\",\"position\":1,\"name\":\"Hem\",\"item\":\"https:\/\/borascykelfabrik.se\/\"},{\"@type\":\"ListItem\",\"position\":2,\"name\":\"Shop\",\"item\":\"https:\/\/borascykelfabrik.se\/shop\/\"},{\"@type\":\"ListItem\",\"position\":3,\"name\":\"LIGHT DISC | PRO\"}]},{\"@type\":\"WebSite\",\"@id\":\"https:\/\/borascykelfabrik.se\/#website\",\"url\":\"https:\/\/borascykelfabrik.se\/\",\"name\":\"BCF\",\"description\":\"more. no less.\",\"potentialAction\":[{\"@type\":\"SearchAction\",\"target\":{\"@type\":\"EntryPoint\",\"urlTemplate\":\"https:\/\/borascykelfabrik.se\/?s={search_term_string}\"},\"query-input\":{\"@type\":\"PropertyValueSpecification\",\"valueRequired\":true,\"valueName\":\"search_term_string\"}}],\"inLanguage\":\"da-DK\"}]}<\/script>\n<!-- \/ Yoast SEO plugin. -->","yoast_head_json":{"title":"LIGHT DISC | PRO - BCF","robots":{"index":"index","follow":"follow","max-snippet":"max-snippet:-1","max-image-preview":"max-image-preview:large","max-video-preview":"max-video-preview:-1"},"canonical":"https:\/\/borascykelfabrik.se\/dk\/vare\/bcf-landsvag-light-disc-pro\/","og_locale":"da_DK","og_type":"article","og_title":"LIGHT DISC | PRO - BCF","og_description":"Light Disc PRO \u00e4r modellen f\u00f6r dig som vill ha det b\u00e4sta vi kan bygga \u2013 kompromissl\u00f6s prestanda, l\u00e4gsta m\u00f6jliga vikt och en k\u00e4nsla som m\u00e4rks i varje meter. Den \u00e4r direkt, exakt och byggd f\u00f6r att leverera n\u00e4r det verkligen g\u00e4ller. Utrustad med SRAM RED AXS f\u00e5r du toppniv\u00e5 i b\u00e5de vikt och precision. Tillsammans med v\u00e5ra PRO-hjul fr\u00e5n K Components, med uppgraderade nav och m\u00f6jlighet till keramiska lager, f\u00e5r du maximal rull, effektiv kraft\u00f6verf\u00f6ring och en cykel som svarar direkt p\u00e5 varje insats. Plattformen rymmer upp till 35 mm d\u00e4ck, vilket ger frihet att k\u00f6ra snabbt \u00e4ven n\u00e4r underlaget inte \u00e4r perfekt. Precis som alla v\u00e5ra cyklar monteras Light Disc PRO f\u00f6r hand i Bor\u00e5s, med fokus p\u00e5 absolut toppniv\u00e5 i varje detalj.","og_url":"https:\/\/borascykelfabrik.se\/dk\/vare\/bcf-landsvag-light-disc-pro\/","og_site_name":"BCF","article_modified_time":"2026-03-26T08:46:34+00:00","og_image":[{"width":1173,"height":782,"url":"https:\/\/borascykelfabrik.se\/wp-content\/uploads\/2023\/09\/Light_disc_Studio-RESIZE.png","type":"image\/png"}],"twitter_card":"summary_large_image","twitter_misc":{"Estimeret l\u00e6setid":"1 minut"},"schema":{"@context":"https:\/\/schema.org","@graph":[{"@type":"WebPage","@id":"https:\/\/borascykelfabrik.se\/produkt\/bcf-landsvag-light-disc-pro\/","url":"https:\/\/borascykelfabrik.se\/produkt\/bcf-landsvag-light-disc-pro\/","name":"LIGHT DISC | PRO - BCF","isPartOf":{"@id":"https:\/\/borascykelfabrik.se\/#website"},"primaryImageOfPage":{"@id":"https:\/\/borascykelfabrik.se\/produkt\/bcf-landsvag-light-disc-pro\/#primaryimage"},"image":{"@id":"https:\/\/borascykelfabrik.se\/produkt\/bcf-landsvag-light-disc-pro\/#primaryimage"},"thumbnailUrl":"https:\/\/borascykelfabrik.se\/wp-content\/uploads\/2023\/09\/Light_disc_Studio-RESIZE.png","datePublished":"2023-09-28T10:31:49+00:00","dateModified":"2026-03-26T08:46:34+00:00","breadcrumb":{"@id":"https:\/\/borascykelfabrik.se\/produkt\/bcf-landsvag-light-disc-pro\/#breadcrumb"},"inLanguage":"da-DK","potentialAction":[{"@type":"ReadAction","target":["https:\/\/borascykelfabrik.se\/produkt\/bcf-landsvag-light-disc-pro\/"]}]},{"@type":"ImageObject","inLanguage":"da-DK","@id":"https:\/\/borascykelfabrik.se\/produkt\/bcf-landsvag-light-disc-pro\/#primaryimage","url":"https:\/\/borascykelfabrik.se\/wp-content\/uploads\/2023\/09\/Light_disc_Studio-RESIZE.png","contentUrl":"https:\/\/borascykelfabrik.se\/wp-content\/uploads\/2023\/09\/Light_disc_Studio-RESIZE.png","width":1173,"height":782},{"@type":"BreadcrumbList","@id":"https:\/\/borascykelfabrik.se\/produkt\/bcf-landsvag-light-disc-pro\/#breadcrumb","itemListElement":[{"@type":"ListItem","position":1,"name":"Hem","item":"https:\/\/borascykelfabrik.se\/"},{"@type":"ListItem","position":2,"name":"Shop","item":"https:\/\/borascykelfabrik.se\/shop\/"},{"@type":"ListItem","position":3,"name":"LIGHT DISC | PRO"}]},{"@type":"WebSite","@id":"https:\/\/borascykelfabrik.se\/#website","url":"https:\/\/borascykelfabrik.se\/","name":"BCF","description":"more. no less.","potentialAction":[{"@type":"SearchAction","target":{"@type":"EntryPoint","urlTemplate":"https:\/\/borascykelfabrik.se\/?s={search_term_string}"},"query-input":{"@type":"PropertyValueSpecification","valueRequired":true,"valueName":"search_term_string"}}],"inLanguage":"da-DK"}]}},"taxonomy_info":{"product_cat":[{"value":15,"label":"Alla produkter"},{"value":19,"label":"Cyklar"},{"value":24,"label":"Landsv\u00e4g"},{"value":45,"label":"Light Disc"}],"product_tag":[{"value":69,"label":"LIGHT DISC"}]},"featured_image_src_large":["https:\/\/borascykelfabrik.se\/wp-content\/uploads\/2023\/09\/Light_disc_Studio-RESIZE.png",1173,782,false],"author_info":[],"comment_info":"","_links":{"self":[{"href":"https:\/\/borascykelfabrik.se\/dk\/wp-json\/wp\/v2\/product\/910","targetHints":{"allow":["GET"]}}],"collection":[{"href":"https:\/\/borascykelfabrik.se\/dk\/wp-json\/wp\/v2\/product"}],"about":[{"href":"https:\/\/borascykelfabrik.se\/dk\/wp-json\/wp\/v2\/types\/product"}],"wp:featuredmedia":[{"embeddable":true,"href":"https:\/\/borascykelfabrik.se\/dk\/wp-json\/wp\/v2\/media\/3986"}],"wp:attachment":[{"href":"https:\/\/borascykelfabrik.se\/dk\/wp-json\/wp\/v2\/media?parent=910"}],"wp:term":[{"taxonomy":"product_brand","embeddable":true,"href":"https:\/\/borascykelfabrik.se\/dk\/wp-json\/wp\/v2\/product_brand?post=910"},{"taxonomy":"product_cat","embeddable":true,"href":"https:\/\/borascykelfabrik.se\/dk\/wp-json\/wp\/v2\/product_cat?post=910"},{"taxonomy":"product_tag","embeddable":true,"href":"https:\/\/borascykelfabrik.se\/dk\/wp-json\/wp\/v2\/product_tag?post=910"}],"curies":[{"name":"wp","href":"https:\/\/api.w.org\/{rel}","templated":true}]}}